{"id":1286,"date":"2016-04-11T09:59:54","date_gmt":"2016-04-11T02:59:54","guid":{"rendered":"http:\/\/sonjavitex.com\/?page_id=1286"},"modified":"2019-11-21T08:23:01","modified_gmt":"2019-11-21T01:23:01","slug":"gioi-thieu-chung","status":"publish","type":"page","link":"https:\/\/sonjavitex.com.vn\/?page_id=1286","title":{"rendered":"Gi\u1edbi thi\u1ec7u chung"},"content":{"rendered":"<p style=\"text-align: justify;\"><span style=\"font-family: arial, helvetica, sans-serif;\"><strong>C\u00f4ng ty C\u1ed5 ph\u1ea7n T\u1eadp \u0111o\u00e0n Ti\u00ean \u0110\u1ed3ng<\/strong> \u2013 H\u00e3ng s\u01a1n <strong>JAVITEX<\/strong> \u0111\u01b0\u1ee3c th\u00e0nh l\u1eadp t\u1eeb n\u0103m\u00a02005\u00a0 l\u00e0 m\u1ed9t doanh nghi\u1ec7p s\u1ea3n xu\u1ea5t s\u01a1n t\u01b0\u1eddng \u0111\u1ea7u ti\u00ean c\u1ee7a t\u1ec9nh Qu\u1ea3ng Ninh v\u00e0 c\u0169ng l\u00e0 m\u1ed9t doanh nghi\u1ec7p c\u00f3 quy m\u00f4 l\u1edbn nh\u1ea5t hi\u1ec7n nay.\u00a0 V\u1edbi chi\u1ebfn l\u01b0\u1ee3c \u0111\u1ea7u t\u01b0 ph\u00e1t tri\u1ec3n\u00a0b\u1ec1n v\u1eefng ph\u1ea5n \u0111\u1ea5u tr\u1edf th\u00e0nh m\u1ed9t th\u01b0\u01a1ng hi\u1ec7u Vi\u1ec7t, th\u1ec3 hi\u1ec7n t\u1ea7m v\u00f3c tr\u00ed tu\u1ec7 v\u00e0 ni\u1ec1m t\u1ef1 h\u00e0o Vi\u1ec7t Nam. Trong 10 n\u0103m qua H\u00e3ng s\u01a1n JAVITEX \u0111\u00e3 cho ra \u0111\u1eddi nh\u1eefng s\u1ea3n ph\u1ea9m \u2013 d\u1ecbch v\u1ee5 cao c\u1ea5p th\u1ecfa m\u00e3n \u0111\u01b0\u1ee3c nhu c\u1ea7u c\u1ee7a ng\u01b0\u1eddi ti\u00eau d\u00f9ng v\u00e0 \u0111\u01b0\u1ee3c ng\u01b0\u1eddi ti\u00eau d\u00f9ng \u0111\u00e1nh gi\u00e1 cao.<\/span><\/p>\n<p style=\"text-align: justify;\"><span style=\"font-family: arial, helvetica, sans-serif;\">V\u1edbi m\u1ee5c ti\u00eau l\u00e0 h\u01b0\u1edbng v\u1ec1 kh\u00e1ch h\u00e0ng, l\u1ea5y kh\u00e1ch h\u00e0ng l\u00e0m tr\u1ecdng t\u00e2m trong vi\u1ec7c ph\u00e1t tri\u1ec3n c\u1ee7a m\u00ecnh. C\u00f4ng ty \u0111\u00e3 \u0111\u1ea7u t\u01b0 m\u00e1y m\u00f3c thi\u1ebft b\u1ecb c\u0169ng nh\u01b0 c\u00f4ng ngh\u1ec7 s\u1ea3n xu\u1ea5t v\u00e0 \u0111\u00e3 s\u1ea3n xu\u1ea5t th\u00e0nh c\u00f4ng c\u00e1c s\u1ea3n ph\u1ea9m s\u01a1n c\u00f3\u00a0<strong>\u0111\u1ed9 ph\u1ee7 cao<\/strong>\u00a0so v\u1edbi c\u00e1c th\u01b0\u01a1ng hi\u1ec7u kh\u00e1c tr\u00ean th\u1ecb tr\u01b0\u1eddng. V\u1edbi \u0111\u1ed9 ph\u1ee7 cao ng\u01b0\u1eddi s\u1eed d\u1ee5ng s\u1ea3n ph\u1ea9m s\u01a1n <strong>JAVITEX<\/strong> c\u1ee7a c\u00f4ng ty s\u1ebd \u0111\u01b0\u1ee3c gia t\u0103ng l\u1ee3i \u00edch do ti\u1ebft ki\u1ec7m \u0111\u01b0\u1ee3c chi ph\u00ed.<\/span><\/p>\n<p style=\"text-align: justify;\"><span style=\"font-family: arial, helvetica, sans-serif;\">C\u00f9ng v\u1edbi vi\u1ec7c \u0111\u1ea7u t\u01b0 c\u00f4ng ngh\u1ec7 s\u1ea3n xu\u1ea5t C\u00f4ng ty \u0111\u00e3 th\u1ef1c hi\u1ec7n tri\u1ec3n khai \u00e1p d\u1ee5ng h\u1ec7 th\u1ed1ng qu\u1ea3n l\u00fd ch\u1ea5t l\u01b0\u1ee3ng theo ti\u00eau chu\u1ea9n qu\u1ed1c t\u1ebf <strong>ISO 9001:2008<\/strong>. V\u1edbi h\u1ec7 th\u1ed1ng qu\u1ea3n l\u00fd ch\u1ea5t l\u01b0\u1ee3ng n\u00e0y s\u1ebd gi\u00fap c\u00f4ng ty qu\u1ea3n l\u00fd ch\u1ea5t l\u01b0\u1ee3ng s\u1ea3n ph\u1ea9m lu\u00f4n \u1ed5n \u0111\u1ecbnh t\u1eeb \u0111\u00f3 c\u1ea3i ti\u1ebfn li\u00ean t\u1ee5c ch\u1ea5t l\u01b0\u1ee3ng s\u1ea3n ph\u1ea9m.<\/span><\/p>\n<p style=\"text-align: justify;\"><span style=\"font-family: arial, helvetica, sans-serif;\">V\u1edbi vi\u1ec7c \u00e1p d\u1ee5ng h\u1ec7 th\u1ed1ng ch\u1ea5t qu\u1ea3n l\u00fd l\u01b0\u1ee3ng theo ti\u00eau chu\u1ea9n <strong>ISO 9001:2015<\/strong>\u00a0 l\u00e0 m\u1ed9t b\u1eb1ng ch\u1ee9ng m\u00e0 <strong>C\u00f4ng ty C\u1ed5 ph\u1ea7n T\u1eadp \u0111o\u00e0n Ti\u00ean \u0110\u1ed3ng<\/strong>\u00a0\u2013 H\u00e3ng s\u01a1n <strong>JAVITEX<\/strong> cam k\u1ebft v\u1edbi kh\u00e1ch h\u00e0ng v\u1ec1 ch\u1ea5t l\u01b0\u1ee3ng s\u1ea3n ph\u1ea9m m\u00e0 c\u00f4ng ty cung c\u1ea5p lu\u00f4n lu\u00f4n \u1ed5n \u0111\u1ecbnh.<\/span><\/p>\n<p>&nbsp;<\/p>\n<p style=\"text-align: center;\"><span style=\"color: #ff6600; font-family: arial, helvetica, sans-serif;\"><strong>C\u00c1C \u0110\u1eb6C \u0110I\u1ec2M C\u1ee6A S\u01a0N JAVITEX<\/strong><\/span><\/p>\n<hr \/>\n<p><span style=\"font-family: arial, helvetica, sans-serif;\"><strong>\u00a0<\/strong><\/span><\/p>\n<p style=\"text-align: center;\"><span style=\"font-family: arial, helvetica, sans-serif;\"><img loading=\"lazy\" class=\"aligncenter size-full wp-image-3106\" src=\"http:\/\/sonjavitex.com\/wp-content\/uploads\/2016\/01\/backdrop-vs-12.jpg\" alt=\"backdrop vs 12\" width=\"1644\" height=\"1025\" srcset=\"https:\/\/sonjavitex.com.vn\/wp-content\/uploads\/2016\/01\/backdrop-vs-12.jpg 1644w, https:\/\/sonjavitex.com.vn\/wp-content\/uploads\/2016\/01\/backdrop-vs-12-600x374.jpg 600w, https:\/\/sonjavitex.com.vn\/wp-content\/uploads\/2016\/01\/backdrop-vs-12-300x187.jpg 300w, https:\/\/sonjavitex.com.vn\/wp-content\/uploads\/2016\/01\/backdrop-vs-12-768x479.jpg 768w, https:\/\/sonjavitex.com.vn\/wp-content\/uploads\/2016\/01\/backdrop-vs-12-1024x638.jpg 1024w\" sizes=\"(max-width: 1644px) 100vw, 1644px\" \/><\/span><\/p>\n<p style=\"text-align: justify;\"><span style=\"font-family: arial, helvetica, sans-serif;\"><b>T\u00ednh ngh\u1ec7 thu\u1eadt:\u00a0<\/b>S\u01a1n Javitex mang v\u1ebb \u0111\u1eb9p t\u1ef1 nhi\u00ean t\u1eeb m\u00e0u s\u1eafc \u0111\u1ebfn thi\u1ebft k\u1ebf nh\u01b0 s\u01a1n tranh, s\u01a1n gi\u1ea3 \u0111\u00e1, s\u01a1n ph\u00e1t s\u00e1ng, s\u01a1n nh\u0169, s\u01a1n v\u00e2n, s\u01a1n c\u00e1ch \u00e2m, s\u01a1n t\u1ef1 l\u00e0m s\u1ea1ch.<\/span><\/p>\n<p style=\"text-align: justify;\"><span style=\"font-family: arial, helvetica, sans-serif;\"><b>T\u00ednh b\u1ec1n l\u00e2u:\u00a0<\/b>S\u01a1n cho ngo\u00e0i tr\u1eddi tr\u00ean 6 n\u0103m, trong nh\u00e0 tr\u00ean 10 n\u0103m, c\u00f3 lo\u1ea1i\u00a0 s\u01a1n v\u00e0 ch\u1ed1ng th\u1ea5m b\u1ec1n \u0111\u1ebfn 20-30 n\u0103m.<\/span><\/p>\n<p style=\"text-align: justify;\"><span style=\"font-family: arial, helvetica, sans-serif;\"><b>T\u00ednh kinh t\u1ebf:\u00a0<\/b>S\u01a1n Javitex cho \u0111\u1ed9 ph\u1ee7 cao, 1kg c\u00f3 th\u1ec3 s\u01a1n 6-10m2 (2 l\u1edbp)\u00a0 v\u00e0 kh\u00f4ng ph\u1ea3i s\u01a1n \u0111i s\u01a1n l\u1ea1i nhi\u1ec1u l\u1ea7n, m\u00e0ng s\u01a1n bao b\u1ecdc l\u00e0m t\u0103ng tu\u1ed5i th\u1ecd cho c\u00e1c c\u00f4ng tr\u00ecnh x\u00e2y d\u1ef1ng. \u0110\u00e2y l\u00e0 t\u00ednh n\u1ed5i tr\u1ed9i c\u1ee7a Javitex.<\/span><\/p>\n<p style=\"text-align: justify;\"><span style=\"font-family: arial, helvetica, sans-serif;\"><b>T\u00ednh hi\u1ec7n \u0111\u1ea1i:\u00a0<\/b>C\u00f3 nhi\u1ec1u ch\u1ee7ng lo\u1ea1i trong s\u01a1n, c\u00f3 th\u1ec3 t\u1ef1 l\u00e0m s\u1ea1ch, t\u1ef1 r\u1eeda tr\u00f4i sau nh\u1eefng tr\u1eadn m\u01b0a r\u00e0o, l\u00e0m s\u01a1n s\u1ebd m\u1edbi tr\u1edf l\u1ea1i nh\u01b0 s\u01a1n b\u00f3ng\u2026d\u01b0\u1edbi t\u00e1c d\u1ee5ng c\u1ee7a b\u1ee5i, n\u01b0\u1edbc m\u01b0a v\u00e0 kh\u00ed CO2, c\u00e1c l\u1edbp b\u1ee5i b\u1ea9n t\u1ef1 bong ra tr\u00f4i theo n\u01b0\u1edbc m\u01b0a, m\u00e0ng s\u01a1n tr\u1edf n\u00ean s\u1ea1ch \u0111\u1eb9p nh\u01b0 m\u1edbi. S\u01a1n d\u00f9ng cho ngo\u00e0i tr\u1eddi, c\u00f3 \u0111i\u1ec7n t\u00edch c\u00f9ng d\u1ea5u v\u1edbi b\u1ee5i n\u00ean c\u00e1c l\u1edbp b\u1ee5i b\u00e1m b\u1ecb \u0111\u1ea9y ra ngo\u00e0i l\u00e0m cho m\u00e0ng s\u01a1n lu\u00f4n s\u1ea1ch v\u00e0 m\u1edbi.<\/span><\/p>\n<p style=\"text-align: justify;\"><span style=\"font-family: arial, helvetica, sans-serif;\"><b>T\u00ednh ch\u1ed1ng th\u1ea5m:\u00a0<\/b>M\u00e0ng s\u01a1n kh\u00f4ng ng\u1ea5m n\u01b0\u1edbc, ng\u0103n c\u1ea3n n\u01b0\u1edbc t\u1eeb ngo\u00e0i v\u00e0o c\u00f3 \u0111\u1ed9 b\u1ec1n 20-30 n\u0103m, l\u00e0m t\u0103ng kh\u1ea3 n\u0103ng ch\u1ed1ng n\u1ee9t cho b\u00ea t\u00f4ng.<\/span><\/p>\n<p style=\"text-align: justify;\"><span style=\"font-family: arial, helvetica, sans-serif;\"><b>T\u00ednh th\u00e2n thi\u1ec7n v\u1edbi m\u00f4i tr\u01b0\u1eddng:\u00a0<\/b>S\u01a1n kh\u00f4ng \u0111\u1ed9c h\u1ea1i, kh\u00f4ng ch\u00e1y n\u1ed5 v\u00ec dung m\u00f4i l\u00e0 n\u01b0\u1edbc,\u00a0 kh\u00f4ng s\u1eed d\u1ee5ng ch\u00ec, thu\u1ef7 ng\u00e2n v\u00e0 c\u00e1c ch\u1ea5t \u0111\u1ed9c h\u1ea1i kh\u00e1c.<\/span><\/p>\n<p style=\"text-align: justify;\"><span style=\"font-family: arial, helvetica, sans-serif;\"><b>T\u00ednh co gi\u00e3n:\u00a0<\/b>S\u01a1n c\u00f3 t\u00ednh co gi\u00e3n cao, kh\u00f4ng n\u1ee9t khi c\u00f3 ch\u1ea5n \u0111\u1ed9ng nh\u1eb9, c\u00f3 kh\u1ea3 n\u0103ng ch\u1ecbu m\u00e0i m\u00f2n, ch\u1ecbu n\u01b0\u1edbc, \u1ee9ng d\u1ee5ng t\u1ed1t cho c\u00e1c khu v\u1ef1c nh\u01b0 b\u00e3i \u0111\u1ed7 xe, s\u00e0n nh\u00e0, khu vui ch\u01a1i, c\u00e1c b\u1ec3 b\u01a1i\u2026<\/span><\/p>\n<p style=\"text-align: justify;\"><span style=\"font-family: arial, helvetica, sans-serif;\"><b>T\u00ednh \u0111\u1ed3ng b\u1ed9:\u00a0<\/b>Javitex c\u00f3 h\u1ec7 th\u1ed1ng s\u1ea3n ph\u1ea9m \u0111\u1ed3ng b\u1ed9 t\u1eeb ch\u1ea5t ch\u1ed1ng th\u1ea5m, ch\u1ea5t l\u00e0m ph\u1eb3ng b\u1ec1 m\u1eb7t (Matit, b\u1ed9t b\u1ea3), s\u01a1n l\u00f3t \u0111\u1ebfn s\u01a1n ph\u1ee7 trang tr\u00ed, \u0111\u00e1p \u1ee9ng m\u1ecdi nhu c\u1ea7u c\u1ee7a kh\u00e1ch h\u00e0ng.<\/span><\/p>\n<p style=\"text-align: justify;\"><span style=\"font-family: arial, helvetica, sans-serif;\"><b>T\u00ednh nhi\u1ec7t \u0111\u1edbi ho\u00e1:\u00a0<\/b>S\u1ea3n ph\u1ea9m Javitex \u0111\u00e3 \u0111\u01b0\u1ee3c nhi\u1ec7t \u0111\u1edbi ho\u00e1 ho\u00e0n to\u00e0n, \u0111\u1eb7c bi\u1ec7t ph\u00f9 h\u1ee3p v\u1edbi kh\u00ed h\u1eadu n\u00f3ng \u1ea9m, kh\u1eafc nghi\u1ec7t c\u1ee7a Vi\u1ec7t Nam v\u00e0 c\u00e1c n\u01b0\u1edbc kh\u00ed h\u1eadu nhi\u1ec7t \u0111\u1edbi. \u0110\u00e2y l\u00e0 \u0111\u1eb7c t\u00ednh \u01b0u vi\u1ec7t n\u1ed5i tr\u1ed9i c\u1ee7a s\u1ea3n ph\u1ea9m Javitex so v\u1edbi c\u00e1c h\u00e3ng kh\u00e1c.<\/span><\/p>\n<p style=\"text-align: justify;\"><span style=\"font-family: arial, helvetica, sans-serif;\"><b>Ch\u1ea5t l\u01b0\u1ee3ng cao:\u00a0<\/b>90% nguy\u00ean li\u1ec7u \u0111\u01b0\u1ee3c nh\u1eadp t\u1eeb n\u01b0\u1edbc ngo\u00e0i, s\u1ea3n xu\u1ea5t tr\u00ean d\u00e2y chuy\u1ec1n hi\u1ec7n \u0111\u1ea1i, \u0111i\u1ec1u khi\u1ec3n b\u1eb1ng vi t\u00ednh. H\u1ec7 th\u1ed1ng qu\u1ea3n l\u00fd ch\u1ea5t l\u01b0\u1ee3ng c\u1ee7a Javitex theo Ti\u00eau chu\u1ea9n qu\u1ed1c t\u1ebf ISO 9001 : 2008.<\/span><\/p>\n<p style=\"text-align: justify;\"><span style=\"font-family: arial, helvetica, sans-serif;\">S\u1ea3n ph\u1ea9m Javitex \u0111\u01b0\u1ee3c s\u1ea3n xu\u1ea5t theo Ti\u00eau chu\u1ea9n TCVN 6934:2001 To\u00e0n b\u1ed9 ph\u1ea7n m\u1ec1m c\u1ee7a h\u1ec7 th\u1ed1ng s\u1ea3n xu\u1ea5t s\u01a1n v\u00e0 pha m\u00e0u \u0111\u01b0\u1ee3c s\u1eed d\u1ee5ng theo c\u00f4ng tr\u00ecnh H\u1ee3p t\u00e1c khoa h\u1ecdc k\u1ef9 thu\u1eadt Vi\u1ec7t \u2013Nh\u1eadt<\/span><\/p>\n<p style=\"text-align: justify;\"><span style=\"font-family: arial, helvetica, sans-serif;\">Trong nh\u1eefng n\u0103m qua, h\u00e3ng s\u01a1n Javitex kh\u00f4ng ng\u1eebng nghi\u00ean c\u1ee9u v\u00e0 li\u00ean t\u1ee5c cho ra \u0111\u1eddi nh\u1eefng s\u1ea3n ph\u1ea9m m\u1edbi, ph\u00f9 h\u1ee3p v\u1edbi th\u1ecb hi\u1ebfu c\u1ee7a ng\u01b0\u1eddi ti\u00eau d\u00f9ng, ph\u00e1t tri\u1ec3n \u0111\u1ed3ng b\u1ed9 c\u00f9ng v\u1edbi s\u1ef1 ph\u00e1t tri\u1ec3n c\u1ee7a \u0111\u1ea5t n\u01b0\u1edbc.<\/span><\/p>\n<p><span style=\"font-family: arial, helvetica, sans-serif;\"><strong>\u0110\u1eb7c t\u00ednh Xanh:\u00a0<\/strong><\/span><br \/>\n<span style=\"font-family: arial, helvetica, sans-serif;\"> \u2013 L\u00e0 lo\u1ea1i s\u01a1n n\u01b0\u1edbc n\u1ed9i th\u1ea5t r\u1ea5t th\u00e2n thi\u1ec7n v\u1edbi m\u00f4i tr\u01b0\u1eddng<\/span><br \/>\n<span style=\"font-family: arial, helvetica, sans-serif;\"> \u2013 H\u00e0m l\u01b0\u1ee3ng ch\u1ea5t h\u1eefu c\u01a1 bay h\u01a1i r\u1ea5t th\u1ea5p\u00a0<\/span><br \/>\n<span style=\"font-family: arial, helvetica, sans-serif;\"> \u2013 G\u1ea7n nh\u01b0 kh\u00f4ng m\u00f9i trong khi thi c\u00f4ng s\u01a1n v\u00e0 trong qu\u00e1 tr\u00ecnh s\u01a1n kh\u00f4<\/span><br \/>\n<span style=\"font-family: arial, helvetica, sans-serif;\"> \u2013 Kh\u00f4ng \u0111\u1ed9c h\u1ea1i, kh\u00f4ng ch\u1ee9a ch\u00ec, th\u1ee7y ng\u00e2n, catmi v\u00e0 cr\u00f4m<\/span><br \/>\n<span style=\"font-family: arial, helvetica, sans-serif;\"> \u2013 Kh\u00f4ng ch\u1ee9a APEO (Alkylphenol ethoxylates)<\/span><br \/>\n<span style=\"font-family: arial, helvetica, sans-serif;\"> \u2013 Kh\u00f4ng ch\u1ee9a Pho\u00f3c m\u00f4n (Formaldehyde)<\/span><\/p>\n<p>&nbsp;<\/p>\n<p style=\"text-align: center;\"><span style=\"color: #ff6600; font-family: arial, helvetica, sans-serif;\"><b>\u0110I\u1ec2M KH\u00c1C BI\u1ec6T C\u1ee6A S\u01a0N JAVITEX<\/b><\/span><\/p>\n<hr \/>\n<p><span style=\"font-family: arial, helvetica, sans-serif;\">Tr\u00ean th\u1ecb tr\u01b0\u1eddng s\u01a1n t\u01b0\u1eddng, c\u00e1c h\u00e3ng \u0111\u1ec1u x\u00e2y d\u1ef1ng cho m\u00ecnh m\u1ed9t h\u00ecnh \u1ea3nh, hay \u0111\u01b0a ra nh\u1eefng l\u1ee3i th\u1ebf v\u1ec1 s\u1ea3n ph\u1ea9m nh\u1eafm \u0111\u1ebfn nhu c\u1ea7u c\u1ee7a kh\u00e1ch h\u00e0ng nh\u01b0: ch\u1ecbu ch\u00f9i r\u1eeda,\u00a0 ch\u1ed1ng s\u1ef1 \u0103n m\u00f2n, di\u1ec7t khu\u1ea9n, ch\u1ed1ng n\u1ea5m m\u1ed1c, c\u00f3 kh\u1ea3 n\u0103ng c\u00e1ch nhi\u1ec7t, ch\u1ed1ng th\u1ea5m; m\u00e0u s\u1eafc \u0111a d\u1ea1ng phong ph\u00fa, th\u00e2n thi\u1ec7n v\u1edbi m\u00f4i tr\u01b0\u1eddng\u2026g\u1ea7n nh\u01b0 t\u1ea5t c\u1ea3 c\u00e1c t\u00ednh n\u0103ng tr\u00ean, Javitex \u0111\u1ec1u c\u00f3. \u01afu th\u1ebf c\u1ee7a Javitex \u0111\u00f3 l\u00e0 \u0111\u1ed9\u00a0<strong>\u201cd\u00f4i\u201d<\/strong>\u00a0khi s\u01a1n, ngh\u0129a l\u00e0 c\u00f9ng m\u1ed9t th\u00f9ng s\u01a1n nh\u01b0ng l\u1ea1i s\u01a1n \u0111\u01b0\u1ee3c di\u1ec7n t\u00edch r\u1ed9ng h\u01a1n t\u1eeb \u0111\u00f3 gia t\u0103ng l\u1ee3i \u00edch cho kh\u00e1ch h\u00e0ng.\u00a0<\/span><\/p>\n<p>&nbsp;<\/p>\n<p><span style=\"font-family: arial, helvetica, sans-serif; color: #ff6600;\"><strong>TH\u00d4NG TIN CHUNG V\u1ec0 C\u00d4NG TY<\/strong><\/span><\/p>\n<hr \/>\n<p><span style=\"font-family: arial, helvetica, sans-serif;\"><strong>T\u00ean c\u00f4ng ty: <strong>C\u00f4ng ty C\u1ed5 ph\u1ea7n T\u1eadp \u0111o\u00e0n Ti\u00ean \u0110\u1ed3ng<\/strong><\/strong><\/span><\/p>\n<p><span style=\"font-family: arial, helvetica, sans-serif;\"><strong>T\u00ean ti\u1ebfng Anh:<\/strong> TIEN DONG\u00a0GROUP<\/span><\/p>\n<p><span style=\"font-family: arial, helvetica, sans-serif;\"><strong>Ng\u00e0y th\u00e0nh l\u1eadp:<\/strong> 22\/2\/2005<\/span><\/p>\n<p><span style=\"font-family: arial, helvetica, sans-serif;\"><strong>MST:<\/strong> 5700534341<\/span><\/p>\n<p><span style=\"font-family: arial, helvetica, sans-serif;\"><strong>Ng\u00e0nh ngh\u1ec1:<\/strong> S\u1ea3n xu\u1ea5t s\u01a1n v\u00e0 b\u1ed9t b\u1ea3 t\u01b0\u1eddng mang th\u01b0\u01a1ng hi\u1ec7u JAVITEX<\/span><\/p>\n<p><span style=\"font-family: arial, helvetica, sans-serif;\"><strong>\u0110\u1ecba ch\u1ec9 tr\u1ee5 s\u1edf ch\u00ednh:\u00a0<\/strong>L\u00f4 15 \u2013 KCN C\u00e1i L\u00e2n, B\u00e3i Ch\u00e1y \u2013 H\u1ea1 Long QN.<\/span><\/p>\n<p><span style=\"font-family: arial, helvetica, sans-serif;\"><strong>\u0110i\u1ec7n tho\u1ea1i:<\/strong> 0203 3 512 004\u00a0 Fax: 0203 3 512 004<\/span><\/p>\n<p><span style=\"font-family: arial, helvetica, sans-serif;\"><strong>Website:<\/strong> www.sonjavitex.com<\/span><\/p>\n<p><span style=\"font-family: arial, helvetica, sans-serif;\"><strong>Email:<\/strong>\u00a0info@sonjavitex.com<\/span><\/p>\n<p><span style=\"font-family: arial, helvetica, sans-serif;\"><strong>Facebook:<\/strong>\u00a0https:\/\/www.facebook.com\/sonjavitexvn<\/span><\/p>\n","protected":false},"excerpt":{"rendered":"<p>C\u00f4ng ty C\u1ed5 ph\u1ea7n T\u1eadp \u0111o\u00e0n Ti\u00ean \u0110\u1ed3ng \u2013 H\u00e3ng s\u01a1n JAVITEX \u0111\u01b0\u1ee3c th\u00e0nh l\u1eadp t\u1eeb n\u0103m\u00a02005\u00a0 l\u00e0 m\u1ed9t doanh nghi\u1ec7p s\u1ea3n xu\u1ea5t s\u01a1n t\u01b0\u1eddng \u0111\u1ea7u ti\u00ean c\u1ee7a t\u1ec9nh Qu\u1ea3ng Ninh v\u00e0 c\u0169ng l\u00e0 m\u1ed9t doanh nghi\u1ec7p c\u00f3 quy m\u00f4 l\u1edbn nh\u1ea5t hi\u1ec7n nay.\u00a0 V\u1edbi chi\u1ebfn l\u01b0\u1ee3c \u0111\u1ea7u t\u01b0 ph\u00e1t tri\u1ec3n\u00a0b\u1ec1n v\u1eefng ph\u1ea5n \u0111\u1ea5u tr\u1edf th\u00e0nh m\u1ed9t th\u01b0\u01a1ng hi\u1ec7u Vi\u1ec7t, th\u1ec3 hi\u1ec7n t\u1ea7m v\u00f3c tr\u00ed tu\u1ec7 v\u00e0 ni\u1ec1m t\u1ef1 h\u00e0o Vi\u1ec7t Nam. Trong 10 n\u0103m qua H\u00e3ng s\u01a1n JAVITEX \u0111\u00e3 cho ra \u0111\u1eddi nh\u1eefng s\u1ea3n ph\u1ea9m \u2013 d\u1ecbch v\u1ee5 cao c\u1ea5p th\u1ecfa m\u00e3n \u0111\u01b0\u1ee3c nhu c\u1ea7u c\u1ee7a ng\u01b0\u1eddi ti\u00eau d\u00f9ng v\u00e0 \u0111\u01b0\u1ee3c ng\u01b0\u1eddi ti\u00eau d\u00f9ng \u0111\u00e1nh gi\u00e1 cao. V\u1edbi m\u1ee5c ti\u00eau l\u00e0 h\u01b0\u1edbng v\u1ec1 kh\u00e1ch h\u00e0ng, l\u1ea5y kh\u00e1ch h\u00e0ng l\u00e0m tr\u1ecdng t\u00e2m trong vi\u1ec7c ph\u00e1t tri\u1ec3n c\u1ee7a m\u00ecnh. C\u00f4ng ty \u0111\u00e3 \u0111\u1ea7u t\u01b0 m\u00e1y m\u00f3c thi\u1ebft b\u1ecb c\u0169ng nh\u01b0 c\u00f4ng ngh\u1ec7 s\u1ea3n xu\u1ea5t v\u00e0 \u0111\u00e3 s\u1ea3n xu\u1ea5t th\u00e0nh c\u00f4ng c\u00e1c s\u1ea3n ph\u1ea9m s\u01a1n c\u00f3\u00a0\u0111\u1ed9 ph\u1ee7 cao\u00a0so v\u1edbi c\u00e1c th\u01b0\u01a1ng hi\u1ec7u kh\u00e1c tr\u00ean th\u1ecb tr\u01b0\u1eddng. V\u1edbi \u0111\u1ed9 ph\u1ee7 cao ng\u01b0\u1eddi s\u1eed d\u1ee5ng s\u1ea3n ph\u1ea9m s\u01a1n JAVITEX c\u1ee7a c\u00f4ng ty s\u1ebd \u0111\u01b0\u1ee3c gia t\u0103ng l\u1ee3i \u00edch do ti\u1ebft ki\u1ec7m \u0111\u01b0\u1ee3c chi ph\u00ed. C\u00f9ng v\u1edbi vi\u1ec7c \u0111\u1ea7u t\u01b0 c\u00f4ng ngh\u1ec7 s\u1ea3n xu\u1ea5t C\u00f4ng&#8230;.<\/p>\n","protected":false},"author":2,"featured_media":0,"parent":627,"menu_order":1,"comment_status":"closed","ping_status":"closed","template":"","meta":[],"_links":{"self":[{"href":"https:\/\/sonjavitex.com.vn\/index.php?rest_route=\/wp\/v2\/pages\/1286"}],"collection":[{"href":"https:\/\/sonjavitex.com.vn\/index.php?rest_route=\/wp\/v2\/pages"}],"about":[{"href":"https:\/\/sonjavitex.com.vn\/index.php?rest_route=\/wp\/v2\/types\/page"}],"author":[{"embeddable":true,"href":"https:\/\/sonjavitex.com.vn\/index.php?rest_route=\/wp\/v2\/users\/2"}],"replies":[{"embeddable":true,"href":"https:\/\/sonjavitex.com.vn\/index.php?rest_route=%2Fwp%2Fv2%2Fcomments&post=1286"}],"version-history":[{"count":9,"href":"https:\/\/sonjavitex.com.vn\/index.php?rest_route=\/wp\/v2\/pages\/1286\/revisions"}],"predecessor-version":[{"id":3109,"href":"https:\/\/sonjavitex.com.vn\/index.php?rest_route=\/wp\/v2\/pages\/1286\/revisions\/3109"}],"up":[{"embeddable":true,"href":"https:\/\/sonjavitex.com.vn\/index.php?rest_route=\/wp\/v2\/pages\/627"}],"wp:attachment":[{"href":"https:\/\/sonjavitex.com.vn\/index.php?rest_route=%2Fwp%2Fv2%2Fmedia&parent=1286"}],"curies":[{"name":"wp","href":"https:\/\/api.w.org\/{rel}","templated":true}]}}