{"id":1292,"date":"2016-04-11T10:05:30","date_gmt":"2016-04-11T03:05:30","guid":{"rendered":"http:\/\/sonjavitex.com\/?page_id=1292"},"modified":"2017-12-27T13:44:03","modified_gmt":"2017-12-27T06:44:03","slug":"tam-nhin","status":"publish","type":"page","link":"https:\/\/sonjavitex.com.vn\/?page_id=1292","title":{"rendered":"T\u1ea7m nh\u00ecn &#8211; S\u1ee9 m\u1ec7nh"},"content":{"rendered":"<p>&nbsp;<\/p>\n<p><img loading=\"lazy\" class=\"aligncenter wp-image-977 size-full\" src=\"http:\/\/sonjavitex.com\/wp-content\/uploads\/2016\/02\/hoinghi_javitex2016_18.jpg\" alt=\"hoinghi_javitex2016_18\" width=\"650\" height=\"433\" srcset=\"https:\/\/sonjavitex.com.vn\/wp-content\/uploads\/2016\/02\/hoinghi_javitex2016_18.jpg 650w, https:\/\/sonjavitex.com.vn\/wp-content\/uploads\/2016\/02\/hoinghi_javitex2016_18-600x400.jpg 600w, https:\/\/sonjavitex.com.vn\/wp-content\/uploads\/2016\/02\/hoinghi_javitex2016_18-300x200.jpg 300w\" sizes=\"(max-width: 650px) 100vw, 650px\" \/><\/p>\n<p>&nbsp;<\/p>\n<p><span style=\"font-family: arial, helvetica, sans-serif; color: #ff6600; font-size: 18pt;\"><strong>T\u1ea6M NH\u00ccN<\/strong><\/span><\/p>\n<hr \/>\n<p><span style=\"font-family: arial, helvetica, sans-serif;\">B\u1eb1ng kh\u00e1t v\u1ecdng ti\u00ean phong c\u00f9ng chi\u1ebfn l\u01b0\u1ee3c \u0111\u1ea7u t\u01b0 \u2013 ph\u00e1t tri\u1ec3n b\u1ec1n v\u1eefng,<strong> <a href=\"http:\/\/sonjavitex.com\/\">Javitex<\/a><\/strong> ph\u1ea5n \u0111\u1ea5u tr\u1edf th\u00e0nh m\u1ed9t th\u01b0\u01a1ng hi\u1ec7u Vi\u1ec7t, th\u1ec3 hi\u1ec7n t\u1ea7m v\u00f3c tr\u00ed tu\u1ec7 v\u00e0 ni\u1ec1m t\u1ef1 h\u00e0o Vi\u1ec7t Nam tr\u00ean tr\u01b0\u1eddng qu\u1ed1c t\u1ebf.<\/span><\/p>\n<p>&nbsp;<\/p>\n<p><span style=\"font-family: arial, helvetica, sans-serif; color: #ff6600; font-size: 18pt;\"><strong>S\u1ee8 M\u1ec6NH<\/strong><\/span><\/p>\n<hr \/>\n<ul>\n<li style=\"text-align: justify;\"><span style=\"font-family: arial, helvetica, sans-serif;\"><span style=\"color: #800080;\"><strong>\u0110\u1ed1i v\u1edbi c\u1ed5 \u0111\u00f4ng v\u00e0 \u0111\u1ed1i t\u00e1c:<\/strong><\/span> \u0110\u1ec1 cao tinh th\u1ea7n h\u1ee3p t\u00e1c c\u00f9ng ph\u00e1t tri\u1ec3n; cam k\u1ebft tr\u1edf th\u00e0nh \u201cNg\u01b0\u1eddi \u0111\u1ed3ng h\u00e0nh tin c\u1eady\u201d c\u1ee7a c\u00e1c \u0111\u1ed1i t\u00e1c v\u00e0 c\u1ed5 \u0111\u00f4ng; lu\u00f4n gia t\u0103ng c\u00e1c gi\u00e1 tr\u1ecb \u0111\u1ea7u t\u01b0 h\u1ea5p d\u1eabn v\u00e0 b\u1ec1n v\u1eefng.<\/span><\/li>\n<li style=\"text-align: justify;\"><span style=\"font-family: arial, helvetica, sans-serif;\"><span style=\"color: #800080;\"><strong>\u0110\u1ed1i v\u1edbi nh\u00e2n vi\u00ean:<\/strong><\/span> X\u00e2y d\u1ef1ng m\u00f4i tr\u01b0\u1eddng l\u00e0m vi\u1ec7c chuy\u00ean nghi\u1ec7p, n\u0103ng \u0111\u1ed9ng, s\u00e1ng t\u1ea1o v\u00e0 nh\u00e2n v\u0103n; t\u1ea1o \u0111i\u1ec1u ki\u1ec7n thu nh\u1eadp cao v\u00e0 c\u01a1 h\u1ed9i ph\u00e1t tri\u1ec3n c\u00f4ng b\u1eb1ng cho t\u1ea5t c\u1ea3 nh\u00e2n vi\u00ean.<\/span><\/li>\n<li style=\"text-align: justify;\"><span style=\"font-family: arial, helvetica, sans-serif;\"><span style=\"color: #800080;\"><strong>\u0110\u1ed1i v\u1edbi x\u00e3 h\u1ed9i:<\/strong><\/span> H\u00e0i h\u00f2a l\u1ee3i \u00edch doanh nghi\u1ec7p v\u1edbi l\u1ee3i \u00edch x\u00e3 h\u1ed9i; \u0111\u00f3ng g\u00f3p t\u00edch c\u1ef1c v\u00e0o c\u00e1c ho\u1ea1t \u0111\u1ed9ng h\u01b0\u1edbng v\u1ec1 c\u1ed9ng \u0111\u1ed3ng, th\u1ec3 hi\u1ec7n tinh th\u1ea7n tr\u00e1ch nhi\u1ec7m c\u00f4ng d\u00e2n v\u00e0 ni\u1ec1m t\u1ef1 h\u00e0o d\u00e2n t\u1ed9c.<\/span><\/li>\n<\/ul>\n<p>&nbsp;<\/p>\n<p><span style=\"font-family: arial, helvetica, sans-serif; color: #ff6600; font-size: 18pt;\"><strong>GI\u00c1 TR\u1eca C\u1ed0T L\u00d5I<\/strong><\/span><\/p>\n<hr \/>\n<p><span style=\"font-family: arial, helvetica, sans-serif;\"><span style=\"color: #800080;\"><strong>C\u00f4ng ty C\u1ed5 ph\u1ea7n T\u1eadp \u0111o\u00e0n Ti\u00ean \u0110\u1ed3ng<\/strong><\/span> coi tr\u1ecdng c\u00e1c gi\u00e1 tr\u1ecb, c\u00e1c nguy\u00ean t\u1eafc trong m\u1ecdi ho\u1ea1t \u0111\u1ed9ng c\u1ee7a m\u00ecnh:<\/span><\/p>\n<p style=\"text-align: justify;\"><span style=\"font-family: arial, helvetica, sans-serif;\">\u2013 Coi nh\u00e2n l\u1ef1c l\u00e0 t\u00e0i s\u1ea3n qu\u00fd gi\u00e1 nh\u1ea5t, l\u00e0 s\u1ee9c m\u1ea1nh c\u1ee7a c\u00f4ng ty;\u00a0 \u0111o\u00e0n k\u1ebft v\u00e0 c\u1ed1ng hi\u1ebfn l\u00e0 gi\u00e1 tr\u1ecb nh\u00e2n b\u1ea3n c\u1ee7a m\u1ed7i ng\u01b0\u1eddi trong c\u00f4ng ty;<\/span><\/p>\n<p style=\"text-align: justify;\"><span style=\"font-family: arial, helvetica, sans-serif;\">\u2013 Coi l\u1ee3i nhu\u1eadn l\u00e0 th\u01b0\u1edbc \u0111o s\u1ef1 ho\u00e0n h\u1ea3o \u0111\u1ed1i v\u1edbi s\u1ea3n ph\u1ea9m, l\u00e0 s\u1ef1 \u0111\u00e1nh gi\u00e1 c\u1ee7a kh\u00e1ch h\u00e0ng cho nh\u1eefng n\u1ed7 l\u1ef1c c\u1ee7a m\u00ecnh.<\/span><\/p>\n<p style=\"text-align: justify;\"><span style=\"font-family: arial, helvetica, sans-serif;\">\u2013 \u0110\u1ed1i v\u1edbi c\u00e1c doanh nghi\u1ec7p b\u1ea1n, <span style=\"color: #800080;\"><strong>C\u00f4ng ty C\u1ed5 ph\u1ea7n T\u1eadp \u0111o\u00e0n Ti\u00ean \u0110\u1ed3ng<\/strong><\/span> coi tr\u1ecdng v\u00e0 duy tr\u00ec m\u1ed1i quan h\u1ec7 c\u00e1c b\u00ean c\u00f9ng c\u00f3 l\u1ee3i, c\u00f9ng ph\u00e1t tri\u1ec3n .<\/span><\/p>\n<p style=\"text-align: justify;\"><span style=\"font-family: arial, helvetica, sans-serif;\">\u2013 Li\u00eam khi\u1ebft trung th\u1ef1c l\u00e0 c\u00e1ch x\u1eed s\u1ef1 c\u00f3 v\u0103n ho\u00e1 l\u00e0 y\u1ebfu t\u1ed1 then ch\u1ed1t \u0111\u1ec3 c\u00f9ng t\u1ed3n t\u1ea1i v\u00e0 ph\u00e1t tri\u1ec3n.<\/span><\/p>\n<hr \/>\n<p>&nbsp;<\/p>\n","protected":false},"excerpt":{"rendered":"<p>&nbsp; &nbsp; T\u1ea6M NH\u00ccN B\u1eb1ng kh\u00e1t v\u1ecdng ti\u00ean phong c\u00f9ng chi\u1ebfn l\u01b0\u1ee3c \u0111\u1ea7u t\u01b0 \u2013 ph\u00e1t tri\u1ec3n b\u1ec1n v\u1eefng, Javitex ph\u1ea5n \u0111\u1ea5u tr\u1edf th\u00e0nh m\u1ed9t th\u01b0\u01a1ng hi\u1ec7u Vi\u1ec7t, th\u1ec3 hi\u1ec7n t\u1ea7m v\u00f3c tr\u00ed tu\u1ec7 v\u00e0 ni\u1ec1m t\u1ef1 h\u00e0o Vi\u1ec7t Nam tr\u00ean tr\u01b0\u1eddng qu\u1ed1c t\u1ebf. &nbsp; S\u1ee8 M\u1ec6NH \u0110\u1ed1i v\u1edbi c\u1ed5 \u0111\u00f4ng v\u00e0 \u0111\u1ed1i t\u00e1c: \u0110\u1ec1 cao tinh th\u1ea7n h\u1ee3p t\u00e1c c\u00f9ng ph\u00e1t tri\u1ec3n; cam k\u1ebft tr\u1edf th\u00e0nh \u201cNg\u01b0\u1eddi \u0111\u1ed3ng h\u00e0nh tin c\u1eady\u201d c\u1ee7a c\u00e1c \u0111\u1ed1i t\u00e1c v\u00e0 c\u1ed5 \u0111\u00f4ng; lu\u00f4n gia t\u0103ng c\u00e1c gi\u00e1 tr\u1ecb \u0111\u1ea7u t\u01b0 h\u1ea5p d\u1eabn v\u00e0 b\u1ec1n v\u1eefng. \u0110\u1ed1i v\u1edbi nh\u00e2n vi\u00ean: X\u00e2y d\u1ef1ng m\u00f4i tr\u01b0\u1eddng l\u00e0m vi\u1ec7c chuy\u00ean nghi\u1ec7p, n\u0103ng \u0111\u1ed9ng, s\u00e1ng t\u1ea1o v\u00e0 nh\u00e2n v\u0103n; t\u1ea1o \u0111i\u1ec1u ki\u1ec7n thu nh\u1eadp cao v\u00e0 c\u01a1 h\u1ed9i ph\u00e1t tri\u1ec3n c\u00f4ng b\u1eb1ng cho t\u1ea5t c\u1ea3 nh\u00e2n vi\u00ean. \u0110\u1ed1i v\u1edbi x\u00e3 h\u1ed9i: H\u00e0i h\u00f2a l\u1ee3i \u00edch doanh nghi\u1ec7p v\u1edbi l\u1ee3i \u00edch x\u00e3 h\u1ed9i; \u0111\u00f3ng g\u00f3p t\u00edch c\u1ef1c v\u00e0o c\u00e1c ho\u1ea1t \u0111\u1ed9ng h\u01b0\u1edbng v\u1ec1 c\u1ed9ng \u0111\u1ed3ng, th\u1ec3 hi\u1ec7n tinh th\u1ea7n tr\u00e1ch nhi\u1ec7m c\u00f4ng d\u00e2n v\u00e0 ni\u1ec1m t\u1ef1 h\u00e0o d\u00e2n t\u1ed9c. &nbsp; GI\u00c1 TR\u1eca C\u1ed0T L\u00d5I C\u00f4ng ty C\u1ed5 ph\u1ea7n T\u1eadp \u0111o\u00e0n Ti\u00ean \u0110\u1ed3ng coi tr\u1ecdng c\u00e1c gi\u00e1 tr\u1ecb, c\u00e1c nguy\u00ean t\u1eafc trong m\u1ecdi ho\u1ea1t \u0111\u1ed9ng c\u1ee7a m\u00ecnh: \u2013 Coi nh\u00e2n&#8230;.<\/p>\n","protected":false},"author":2,"featured_media":0,"parent":627,"menu_order":2,"comment_status":"closed","ping_status":"closed","template":"","meta":[],"_links":{"self":[{"href":"https:\/\/sonjavitex.com.vn\/index.php?rest_route=\/wp\/v2\/pages\/1292"}],"collection":[{"href":"https:\/\/sonjavitex.com.vn\/index.php?rest_route=\/wp\/v2\/pages"}],"about":[{"href":"https:\/\/sonjavitex.com.vn\/index.php?rest_route=\/wp\/v2\/types\/page"}],"author":[{"embeddable":true,"href":"https:\/\/sonjavitex.com.vn\/index.php?rest_route=\/wp\/v2\/users\/2"}],"replies":[{"embeddable":true,"href":"https:\/\/sonjavitex.com.vn\/index.php?rest_route=%2Fwp%2Fv2%2Fcomments&post=1292"}],"version-history":[{"count":12,"href":"https:\/\/sonjavitex.com.vn\/index.php?rest_route=\/wp\/v2\/pages\/1292\/revisions"}],"predecessor-version":[{"id":2593,"href":"https:\/\/sonjavitex.com.vn\/index.php?rest_route=\/wp\/v2\/pages\/1292\/revisions\/2593"}],"up":[{"embeddable":true,"href":"https:\/\/sonjavitex.com.vn\/index.php?rest_route=\/wp\/v2\/pages\/627"}],"wp:attachment":[{"href":"https:\/\/sonjavitex.com.vn\/index.php?rest_route=%2Fwp%2Fv2%2Fmedia&parent=1292"}],"curies":[{"name":"wp","href":"https:\/\/api.w.org\/{rel}","templated":true}]}}