{"id":1331,"date":"2016-04-15T09:01:48","date_gmt":"2016-04-15T02:01:48","guid":{"rendered":"http:\/\/sonjavitex.com\/?page_id=1331"},"modified":"2017-12-27T13:45:42","modified_gmt":"2017-12-27T06:45:42","slug":"thu-ngo","status":"publish","type":"page","link":"https:\/\/sonjavitex.com.vn\/?page_id=1331","title":{"rendered":"Th\u01b0 ng\u1ecf"},"content":{"rendered":"<p><strong><em>\u00a0<\/em><\/strong><\/p>\n<p><strong><em>\u00a0<\/em><\/strong><\/p>\n<p style=\"text-align: justify;\"><span style=\"font-size: 18pt; font-family: arial, helvetica, sans-serif; color: #800080;\"><strong>TH\u01af NG\u1ece<\/strong><\/span><\/p>\n<hr \/>\n<p style=\"text-align: justify;\"><span style=\"font-family: arial, helvetica, sans-serif; color: #800080; font-size: 14pt;\"><strong>Ch\u00fang t\u00f4i l\u00e0 ai?<\/strong><\/span><\/p>\n<p style=\"text-align: justify;\"><span style=\"font-family: arial, helvetica, sans-serif;\"><strong>L\u1ecbch s\u1eed ph\u00e1t tri\u1ec3n:<\/strong> \u0110\u01b0\u1ee3c th\u00e0nh l\u1eadp t\u1eeb n\u0103m 2005, <strong>S\u01a0N JAVITEX<\/strong> l\u00e0 s\u1ea3n ph\u1ea9m c\u1ee7a C\u00f4ng ty C\u1ed5 ph\u1ea7n T\u1eadp \u0111o\u00e0n Ti\u00ean \u0110\u1ed3ng &#8211; m\u1ed9t doanh nghi\u1ec7p s\u1ea3n xu\u1ea5t s\u01a1n t\u01b0\u1eddng \u0111\u1ea7u ti\u00ean, c\u00f3 quy m\u00f4 l\u1edbn nh\u1ea5t hi\u1ec7n nay c\u1ee7a t\u1ec9nh Qu\u1ea3ng Ninh. <\/span><\/p>\n<p style=\"text-align: justify;\"><span style=\"font-family: arial, helvetica, sans-serif;\"><strong>Th\u00e0nh c\u00f4ng:<\/strong> <strong>S\u01a0N JAVITEX<\/strong> \u0111\u00e3 ph\u1ee7 s\u00f3ng h\u1ea7u kh\u1eafp c\u00e1c t\u1ec9nh th\u00e0nh tr\u00ean kh\u1eafp c\u1ea3 n\u01b0\u1edbc v\u00e0 cho ra \u0111\u1eddi nh\u1eefng s\u1ea3n ph\u1ea9m \u2013 d\u1ecbch v\u1ee5 cao c\u1ea5p th\u1ecfa m\u00e3n t\u1ed1t nh\u1ea5t nhu c\u1ea7u c\u1ee7a kh\u00e1ch h\u00e0ng.<\/span><\/p>\n<p><strong><em>\u00a0<\/em><\/strong><\/p>\n<p style=\"text-align: justify;\"><span style=\"font-family: arial, helvetica, sans-serif; color: #800080; font-size: 14pt;\"><strong>T\u1ea1i sao l\u1ef1a ch\u1ecdn ch\u00fang t\u00f4i?<\/strong><\/span><\/p>\n<hr \/>\n<p style=\"text-align: justify;\"><span style=\"font-family: arial, helvetica, sans-serif;\"><strong>M\u1ee5c ti\u00eau ph\u00e1t tri\u1ec3n:<\/strong> Th\u00e2n thi\u1ec7n trong quan h\u1ec7 &#8211; S\u00f2ng ph\u1eb3ng trong giao d\u1ecbch &#8211; Cung c\u1ea5p nhanh ch\u00f3ng, ch\u00ednh x\u00e1c th\u00f4ng tin v\u1ec1 d\u1ecbch v\u1ee5, s\u1ea3n ph\u1ea9m c\u1ee7a <strong>S\u01a0N JAVITEX<\/strong>.<\/span><\/p>\n<p style=\"text-align: justify;\"><span style=\"font-family: arial, helvetica, sans-serif;\"><strong>Ch\u1ea5t l\u01b0\u1ee3ng kh\u1eb3ng \u0111\u1ecbnh:<\/strong> S\u1ea3n xu\u1ea5t tr\u00ean d\u00e2y chuy\u1ec1n c\u00f4ng ngh\u1ec7 Nh\u1eadt B\u1ea3n, \u0111\u1eb7c bi\u1ec7t v\u1edbi \u0111i\u1ec3m m\u1ea1nh <span style=\"color: #800080;\"><strong>\u0110\u1ed8 PH\u1ee6 CAO, S\u01a0N JAVITEX<\/strong><\/span> ti\u1ebft ki\u1ec7m t\u1ed1i \u0111a chi ph\u00ed c\u1ee7a cho kh\u00e1ch h\u00e0ng.<\/span><\/p>\n<p style=\"text-align: justify;\"><span style=\"font-family: arial, helvetica, sans-serif;\">Th\u00e0nh t\u00edch \u0111\u1ea1t \u0111\u01b0\u1ee3c: <em>Ch\u1ee9ng ch\u1ec9 c\u00f4ng nh\u1eadn \u0111\u1ea1t ti\u00eau chu\u1ea9n ISO 9001:2000 (2008); S\u1ea3n ph\u1ea9m uy t\u00edn, ch\u1ea5t l\u01b0\u1ee3ng (2009); Th\u01b0\u01a1ng hi\u1ec7u Vi\u1ec7t (2014); S\u1ea3n ph\u1ea9m \u0111\u01b0\u1ee3c s\u1ea3n xu\u1ea5t theo Ti\u00eau chu\u1ea9n H\u1ee3p quy s\u1ed1 QRCM 0082 (2015); Doanh nghi\u1ec7p uy t\u00edn c\u1ee7a n\u0103m (2015)\u2026<\/em><\/span><\/p>\n<p><strong><em>\u00a0<\/em><\/strong><\/p>\n<p style=\"text-align: justify;\"><span style=\"font-family: arial, helvetica, sans-serif; color: #800080; font-size: 14pt;\"><strong>Quy\u1ec1n l\u1ee3i d\u00e0nh cho nh\u00e0 ph\u00e2n ph\u1ed1i &amp; \u0111\u1ea1i l\u00fd<\/strong><\/span><\/p>\n<hr \/>\n<p style=\"text-align: justify;\"><span style=\"font-family: arial, helvetica, sans-serif; color: #ff6600;\"><strong>Quy\u1ec1n l\u1ee3i v\u1ec1 gi\u00e1\/b\u1ea3o v\u1ec1 gi\u00e1:<\/strong><\/span><\/p>\n<p style=\"text-align: justify; padding-left: 30px;\"><span style=\"font-family: arial, helvetica, sans-serif;\">+ \u0110\u01b0\u1ee3c h\u01b0\u1edfng ch\u00ednh s\u00e1ch gi\u00e1 d\u00e0nh cho c\u1ea5p \u0111\u1ea1i l\u00fd \u0111\u01b0\u1ee3c c\u0103n c\u1ee9 tr\u00ean c\u01a1 s\u1edf cam k\u1ebft h\u1ee3p t\u00e1c.<\/span><\/p>\n<p style=\"padding-left: 30px;\"><span style=\"font-family: arial, helvetica, sans-serif;\">+ Ch\u00ednh s\u00e1ch gi\u00e1 \u0111\u01b0\u1ee3c x\u00e2y d\u1ef1ng \u0111\u1ec3 \u0111\u1ea3m b\u1ea3o t\u00ednh c\u1ea1nh tranh v\u00e0 l\u1ee3i nhu\u1eadn t\u1ed1i \u0111a cho Qu\u00fd \u0111\u1ea1i l\u00fd tr\u00ean th\u1ecb tr\u01b0\u1eddng.<\/span><\/p>\n<p><span style=\"font-family: arial, helvetica, sans-serif; color: #ff6600;\"><strong>Quy\u1ec1n l\u1ee3i chi\u1ebft kh\u1ea5u:<\/strong><\/span><\/p>\n<p style=\"padding-left: 30px;\"><span style=\"font-family: arial, helvetica, sans-serif;\">+ \u0110\u01b0\u1ee3c th\u1ee5 h\u01b0\u1edfng m\u1ee9c chi\u1ebft kh\u1ea5u cao, h\u1ea5p d\u1eabn<\/span><\/p>\n<p style=\"padding-left: 30px;\"><span style=\"font-family: arial, helvetica, sans-serif;\">+ \u0110\u01b0\u1ee3c th\u1ee5 h\u01b0\u1edfng c\u00e1c ch\u00ednh s\u00e1ch th\u01b0\u1edfng Qu\u00fd\/N\u0103m<\/span><\/p>\n<p style=\"padding-left: 30px;\"><span style=\"font-family: arial, helvetica, sans-serif;\">+\u0110\u01b0\u1ee3c h\u01b0\u1edfng c\u00e1c ch\u00ednh s\u00e1ch h\u1ed7 tr\u1ee3 t\u1ed1t nh\u1ea5t d\u00e0nh cho m\u1ed7i c\u1ea5p b\u1eadc \u0111\u1ea1i l\u00fd.<\/span><\/p>\n<p><span style=\"font-family: arial, helvetica, sans-serif; color: #ff6600;\"><strong>Quy\u1ec1n l\u1ee3i qu\u1ea3ng b\u00e1:<\/strong><\/span><\/p>\n<p style=\"padding-left: 30px;\"><span style=\"font-family: arial, helvetica, sans-serif;\">+ \u0110\u01b0\u1ee3c t\u1ef1 t\u1ea1o k\u00eanh ph\u00e2n ph\u1ed1i v\u00e0 h\u1ec7 th\u1ed1ng ph\u00e2n ph\u1ed1i theo quy \u0111\u1ecbnh c\u1ee7a c\u00f4ng ty<\/span><\/p>\n<p style=\"padding-left: 30px;\"><span style=\"font-family: arial, helvetica, sans-serif;\">+ \u0110\u01b0\u1ee3c tham gia t\u1ea5t c\u1ea3 c\u00e1c ch\u01b0\u01a1ng tr\u00ecnh khuy\u1ebfn m\u00e3i v\u00e0 th\u00fac \u0111\u1ea9y b\u00e1n h\u00e0ng c\u1ee7a <strong>JAVITEX<\/strong><\/span><\/p>\n<p style=\"padding-left: 30px;\"><span style=\"font-family: arial, helvetica, sans-serif;\">+ \u0110\u01b0\u1ee3c cung c\u1ea5p th\u00f4ng tin v\u1ec1 gi\u00e1 c\u1ea3, s\u1ea3n ph\u1ea9m, c\u00e1c ch\u01b0\u01a1ng tr\u00ecnh marketing, c\u00e1c t\u00e0i li\u1ec7u th\u00fac \u0111\u1ea9y b\u00e1n h\u00e0ng.<\/span><\/p>\n<p>&nbsp;<\/p>\n<p><span style=\"font-family: arial, helvetica, sans-serif; color: #ff6600;\"><strong>Quy\u1ec1n l\u1ee3i v\u1ec1 th\u00f4ng tin s\u1ea3n ph\u1ea9m:\u00a0<\/strong><\/span><\/p>\n<p style=\"text-align: left; padding-left: 30px;\"><span style=\"font-family: arial, helvetica, sans-serif;\">+\u00a0Tham gia c\u00e1c ch\u01b0\u01a1ng tr\u00ecnh khuy\u1ebfn m\u00e3i h\u00e0ng n\u0103m d\u00e0nh cho \u0110\u1ea1i l\u00fd (n\u1ebfu c\u00f3) <\/span><\/p>\n<p style=\"text-align: left; padding-left: 30px;\"><span style=\"font-family: arial, helvetica, sans-serif;\">+ \u0110\u01b0\u1ee3c l\u1eafp b\u1ea3ng hi\u1ec7u, gi\u00e1, k\u1ec7 mi\u1ec5n ph\u00ed t\u1ea1i showroom cho \u0110\u1ea1i l\u00fd.<\/span><\/p>\n<p style=\"text-align: left; padding-left: 30px;\"><span style=\"font-family: arial, helvetica, sans-serif;\">+ \u0110\u01b0\u1ee3c tr\u01b0ng b\u00e0y t\u1ea1i showroom c\u00e1c s\u1ea3n ph\u1ea9m JAVITEX (theo quy \u0111\u1ecbnh C\u00f4ng ty)<\/span><\/p>\n<p style=\"text-align: left; padding-left: 30px;\"><span style=\"font-family: arial, helvetica, sans-serif;\">+ \u0110\u01b0\u1ee3c h\u1ed7 tr\u1ee3 chi ph\u00ed v\u1eadn chuy\u1ec3n (theo quy \u0111\u1ecbnh C\u00f4ng ty)<\/span><\/p>\n<p style=\"text-align: right; padding-left: 30px;\"><span style=\"font-family: arial, helvetica, sans-serif;\"><strong>Tr\u00e2n tr\u1ecdng!<\/strong><\/span><\/p>\n","protected":false},"excerpt":{"rendered":"<p>\u00a0 \u00a0 TH\u01af NG\u1ece Ch\u00fang t\u00f4i l\u00e0 ai? L\u1ecbch s\u1eed ph\u00e1t tri\u1ec3n: \u0110\u01b0\u1ee3c th\u00e0nh l\u1eadp t\u1eeb n\u0103m 2005, S\u01a0N JAVITEX l\u00e0 s\u1ea3n ph\u1ea9m c\u1ee7a C\u00f4ng ty C\u1ed5 ph\u1ea7n T\u1eadp \u0111o\u00e0n Ti\u00ean \u0110\u1ed3ng &#8211; m\u1ed9t doanh nghi\u1ec7p s\u1ea3n xu\u1ea5t s\u01a1n t\u01b0\u1eddng \u0111\u1ea7u ti\u00ean, c\u00f3 quy m\u00f4 l\u1edbn nh\u1ea5t hi\u1ec7n nay c\u1ee7a t\u1ec9nh Qu\u1ea3ng Ninh. Th\u00e0nh c\u00f4ng: S\u01a0N JAVITEX \u0111\u00e3 ph\u1ee7 s\u00f3ng h\u1ea7u kh\u1eafp c\u00e1c t\u1ec9nh th\u00e0nh tr\u00ean kh\u1eafp c\u1ea3 n\u01b0\u1edbc v\u00e0 cho ra \u0111\u1eddi nh\u1eefng s\u1ea3n ph\u1ea9m \u2013 d\u1ecbch v\u1ee5 cao c\u1ea5p th\u1ecfa m\u00e3n t\u1ed1t nh\u1ea5t nhu c\u1ea7u c\u1ee7a kh\u00e1ch h\u00e0ng. \u00a0 T\u1ea1i sao l\u1ef1a ch\u1ecdn ch\u00fang t\u00f4i? M\u1ee5c ti\u00eau ph\u00e1t tri\u1ec3n: Th\u00e2n thi\u1ec7n trong quan h\u1ec7 &#8211; S\u00f2ng ph\u1eb3ng trong giao d\u1ecbch &#8211; Cung c\u1ea5p nhanh ch\u00f3ng, ch\u00ednh x\u00e1c th\u00f4ng tin v\u1ec1 d\u1ecbch v\u1ee5, s\u1ea3n ph\u1ea9m c\u1ee7a S\u01a0N JAVITEX. Ch\u1ea5t l\u01b0\u1ee3ng kh\u1eb3ng \u0111\u1ecbnh: S\u1ea3n xu\u1ea5t tr\u00ean d\u00e2y chuy\u1ec1n c\u00f4ng ngh\u1ec7 Nh\u1eadt B\u1ea3n, \u0111\u1eb7c bi\u1ec7t v\u1edbi \u0111i\u1ec3m m\u1ea1nh \u0110\u1ed8 PH\u1ee6 CAO, S\u01a0N JAVITEX ti\u1ebft ki\u1ec7m t\u1ed1i \u0111a chi ph\u00ed c\u1ee7a cho kh\u00e1ch h\u00e0ng. Th\u00e0nh t\u00edch \u0111\u1ea1t \u0111\u01b0\u1ee3c: Ch\u1ee9ng ch\u1ec9 c\u00f4ng nh\u1eadn \u0111\u1ea1t ti\u00eau chu\u1ea9n ISO 9001:2000 (2008); S\u1ea3n ph\u1ea9m uy t\u00edn, ch\u1ea5t l\u01b0\u1ee3ng (2009); Th\u01b0\u01a1ng hi\u1ec7u Vi\u1ec7t (2014); S\u1ea3n ph\u1ea9m \u0111\u01b0\u1ee3c s\u1ea3n xu\u1ea5t theo Ti\u00eau chu\u1ea9n H\u1ee3p quy s\u1ed1 QRCM 0082&#8230;.<\/p>\n","protected":false},"author":2,"featured_media":1206,"parent":627,"menu_order":0,"comment_status":"closed","ping_status":"closed","template":"","meta":[],"_links":{"self":[{"href":"https:\/\/sonjavitex.com.vn\/index.php?rest_route=\/wp\/v2\/pages\/1331"}],"collection":[{"href":"https:\/\/sonjavitex.com.vn\/index.php?rest_route=\/wp\/v2\/pages"}],"about":[{"href":"https:\/\/sonjavitex.com.vn\/index.php?rest_route=\/wp\/v2\/types\/page"}],"author":[{"embeddable":true,"href":"https:\/\/sonjavitex.com.vn\/index.php?rest_route=\/wp\/v2\/users\/2"}],"replies":[{"embeddable":true,"href":"https:\/\/sonjavitex.com.vn\/index.php?rest_route=%2Fwp%2Fv2%2Fcomments&post=1331"}],"version-history":[{"count":16,"href":"https:\/\/sonjavitex.com.vn\/index.php?rest_route=\/wp\/v2\/pages\/1331\/revisions"}],"predecessor-version":[{"id":2597,"href":"https:\/\/sonjavitex.com.vn\/index.php?rest_route=\/wp\/v2\/pages\/1331\/revisions\/2597"}],"up":[{"embeddable":true,"href":"https:\/\/sonjavitex.com.vn\/index.php?rest_route=\/wp\/v2\/pages\/627"}],"wp:featuredmedia":[{"embeddable":true,"href":"https:\/\/sonjavitex.com.vn\/index.php?rest_route=\/wp\/v2\/media\/1206"}],"wp:attachment":[{"href":"https:\/\/sonjavitex.com.vn\/index.php?rest_route=%2Fwp%2Fv2%2Fmedia&parent=1331"}],"curies":[{"name":"wp","href":"https:\/\/api.w.org\/{rel}","templated":true}]}}