{"id":2091,"date":"2016-10-19T09:43:33","date_gmt":"2016-10-19T02:43:33","guid":{"rendered":"http:\/\/sonjavitex.com\/?page_id=2091"},"modified":"2016-10-31T09:53:54","modified_gmt":"2016-10-31T02:53:54","slug":"cong-trinh-tieu-bieu","status":"publish","type":"page","link":"https:\/\/sonjavitex.com.vn\/?page_id=2091","title":{"rendered":"C\u00f4ng tr\u00ecnh ti\u00eau bi\u1ec3u"},"content":{"rendered":"<p style=\"text-align: justify;\"><span style=\"font-family: arial, helvetica, sans-serif;\">Trong g\u1ea7n 12 n\u0103m th\u00e0nh l\u1eadp v\u00e0 ph\u00e1t tri\u1ec3n, Javitex t\u1ef1 h\u00e0o l\u00e0 \u0111\u01a1n v\u1ecb uy t\u00edn h\u00e0ng \u0111\u1ea7u \u0111\u01b0\u1ee3c c\u00e1c ch\u1ee7 \u0111\u1ea7u\u00a0l\u1edbn tin t\u01b0\u1edfng v\u00e0 l\u1ef1a ch\u1ecdn \u0111\u1ec3 cung \u1ee9ng s\u1ea3n ph\u1ea9m s\u01a1n n\u1ed9i th\u1ea5t &amp; ngo\u1ea1i th\u1ea5t c\u00f4ng ngh\u1ec7 Nh\u1eadt B\u1ea3n cho c\u00e1c c\u00f4ng tr\u00ecnh.<\/span><\/p>\n<p style=\"text-align: justify;\"><span style=\"font-family: arial, helvetica, sans-serif;\">Ngo\u00e0i \u0111\u1eb7c t\u00ednh \u0111\u1ee9ng \u0111\u1ea7u v\u1ec1\u00a0\u0111\u1ed9 b\u00e1m &#8211; \u0111\u1ed9 ph\u1ee7 n\u1ed5i tr\u1ed9i &#8211; c\u00f3 th\u1ec3 t\u1ef1 l\u00e0m s\u1ea1ch khi\u1ebfn m\u00e0ng s\u01a1n lu\u00f4n s\u00e1ng b\u00f3ng; c\u00e1c s\u1ea3n ph\u1ea9m s\u01a1n c\u1ee7a Javitex c\u00f2n \u0111\u01b0\u1ee3c \u0111\u00e1nh gi\u00e1 cao v\u1ec1 t\u00ednh ngh\u1ec7 thu\u1eadt v\u1edbi m\u00e0u s\u1eafc mang t\u1edbi v\u1ebb \u0111\u1eb9p t\u1ef1 nhi\u00ean, hi\u1ec7n \u0111\u1ea1i &amp; c\u00f3 th\u1ec3 t\u1ef1 l\u00e0m s\u1ea1ch, t\u1ef1 r\u1eeda tr\u00f4i khi\u1ebfn m\u00e0ng s\u01a1n lu\u00f4n s\u00e1ng b\u00f3ng, \u0111\u1eb9p nh\u01b0 m\u1edbi. B\u00ean c\u1ea1nh \u0111\u00f3, nh\u1edd \u01b0u \u0111i\u1ec3m m\u00e0ng s\u01a1n kh\u00f4ng ng\u1ea5m n\u01b0\u1edbc; t\u00ednh co gi\u00e3n cao &#8211; n\u00ean c\u00e1c s\u1ea3n ph\u1ea9m s\u01a1n c\u1ee7a Javitex \u0111\u00e1p \u1ee9ng t\u1ed1t c\u00e1c y\u00eau c\u1ea7u c\u1ee7a c\u00e1c c\u00f4ng tr\u00ecnh c\u00f4ng c\u1ed9ng, t\u00f2a nh\u00e0 v\u0103n ph\u00f2ng,\u00a0b\u00e3i \u0111\u1ed7 xe, khu vui ch\u01a1i, b\u1ec3 b\u01a1i,&#8230;.<\/span><\/p>\n<p style=\"text-align: center;\"><span style=\"font-family: arial, helvetica, sans-serif;\"><strong>M\u1ed9t s\u1ed1 c\u00f4ng tr\u00ecnh ti\u00eau bi\u1ec3u:<\/strong><\/span><\/p>\n<p style=\"text-align: center;\"><span style=\"font-family: arial, helvetica, sans-serif;\"><img loading=\"lazy\" class=\"aligncenter wp-image-2094\" src=\"http:\/\/sonjavitex.com\/wp-content\/uploads\/2016\/10\/3_409_compressed.jpg\" alt=\"3_409_compressed\" width=\"700\" height=\"467\" srcset=\"https:\/\/sonjavitex.com.vn\/wp-content\/uploads\/2016\/10\/3_409_compressed.jpg 749w, https:\/\/sonjavitex.com.vn\/wp-content\/uploads\/2016\/10\/3_409_compressed-600x401.jpg 600w, https:\/\/sonjavitex.com.vn\/wp-content\/uploads\/2016\/10\/3_409_compressed-300x200.jpg 300w\" sizes=\"(max-width: 700px) 100vw, 700px\" \/><strong>C\u00f4ng tr\u00ecnh: Trung t\u00e2m th\u01b0\u01a1ng m\u1ea1i BigC H\u1ea1 Long<\/strong><br \/>\n\u0110\u1ecba ch\u1ec9:\u00a0600 Nguy\u1ec5n V\u0103n C\u1eeb, H\u1ed3ng H\u1ea3i, TP. H\u1ea1 Long, Qu\u1ea3ng Ninh<\/span><\/p>\n<p style=\"text-align: center;\"><span style=\"font-family: arial, helvetica, sans-serif;\"><img loading=\"lazy\" class=\"wp-image-2096 aligncenter\" src=\"http:\/\/sonjavitex.com\/wp-content\/uploads\/2016\/10\/banner-Copy_0_compressed-e1476849984160.jpg\" alt=\"banner (Copy)_0_compressed\" width=\"699\" height=\"349\" srcset=\"https:\/\/sonjavitex.com.vn\/wp-content\/uploads\/2016\/10\/banner-Copy_0_compressed-e1476849984160.jpg 700w, https:\/\/sonjavitex.com.vn\/wp-content\/uploads\/2016\/10\/banner-Copy_0_compressed-e1476849984160-600x299.jpg 600w\" sizes=\"(max-width: 699px) 100vw, 699px\" \/><\/span><\/p>\n<p style=\"text-align: center;\"><span style=\"font-family: arial, helvetica, sans-serif;\"><img loading=\"lazy\" class=\"aligncenter wp-image-2101\" src=\"http:\/\/sonjavitex.com\/wp-content\/uploads\/2016\/10\/xengallery_photos_l_21361_256fd4d802c359ebbdcd2143a66746ec_compressed.jpg\" alt=\"xengallery_photos_l_21361_256fd4d802c359ebbdcd2143a66746ec_compressed\" width=\"700\" height=\"336\" srcset=\"https:\/\/sonjavitex.com.vn\/wp-content\/uploads\/2016\/10\/xengallery_photos_l_21361_256fd4d802c359ebbdcd2143a66746ec_compressed.jpg 750w, https:\/\/sonjavitex.com.vn\/wp-content\/uploads\/2016\/10\/xengallery_photos_l_21361_256fd4d802c359ebbdcd2143a66746ec_compressed-600x288.jpg 600w, https:\/\/sonjavitex.com.vn\/wp-content\/uploads\/2016\/10\/xengallery_photos_l_21361_256fd4d802c359ebbdcd2143a66746ec_compressed-300x144.jpg 300w\" sizes=\"(max-width: 700px) 100vw, 700px\" \/><strong>C\u00f4ng tr\u00ecnh: Vincom Center H\u1ea1 Long<\/strong><br \/>\n\u0110\u1ecba ch\u1ec9:\u00a0Tr\u1ea7n Qu\u1ed1c Nghi\u1ec5n, B\u1ea1ch \u0110\u1eb1ng, TP. H\u1ea1 Long, Qu\u1ea3ng Ninh<\/span><\/p>\n<p style=\"text-align: center;\"><img loading=\"lazy\" class=\"aligncenter wp-image-2166 size-full\" src=\"http:\/\/sonjavitex.com\/wp-content\/uploads\/2016\/10\/chuabavang__full_27142015_111406.jpg\" alt=\"chuabavang__full_27142015_111406\" width=\"600\" height=\"284\" srcset=\"https:\/\/sonjavitex.com.vn\/wp-content\/uploads\/2016\/10\/chuabavang__full_27142015_111406.jpg 600w, https:\/\/sonjavitex.com.vn\/wp-content\/uploads\/2016\/10\/chuabavang__full_27142015_111406-300x142.jpg 300w\" sizes=\"(max-width: 600px) 100vw, 600px\" \/><\/p>\n<p style=\"text-align: center;\"><strong><span style=\"font-family: arial, helvetica, sans-serif;\">C\u00f4ng tr\u00ecnh t\u1eeb thi\u1ec7n: Ch\u00f9a Ba V\u00e0ng\u00a0<\/span><\/strong><br \/>\n<span style=\"font-family: arial, helvetica, sans-serif;\">\u0110\u1ecba ch\u1ec9: U\u00f4ng B\u00ed, H\u1ea1 Long, Qu\u1ea3ng Ninh<\/span><br \/>\n<span style=\"font-family: arial, helvetica, sans-serif;\">Ch\u1ee7 \u0111\u1ea7u t\u01b0: C\u00f4ng ty C\u1ed5 ph\u1ea7n Ti\u00ean \u0110\u1ed3ng<\/span><\/p>\n<p style=\"text-align: center;\"><span style=\"font-family: arial, helvetica, sans-serif;\"><img loading=\"lazy\" class=\"aligncenter wp-image-2097\" src=\"http:\/\/sonjavitex.com\/wp-content\/uploads\/2016\/10\/Khach-San-Mithrin-Ha-Long_compressed.jpg\" alt=\"Khach-San-Mithrin-Ha-Long_compressed\" width=\"700\" height=\"490\" srcset=\"https:\/\/sonjavitex.com.vn\/wp-content\/uploads\/2016\/10\/Khach-San-Mithrin-Ha-Long_compressed.jpg 750w, https:\/\/sonjavitex.com.vn\/wp-content\/uploads\/2016\/10\/Khach-San-Mithrin-Ha-Long_compressed-600x420.jpg 600w, https:\/\/sonjavitex.com.vn\/wp-content\/uploads\/2016\/10\/Khach-San-Mithrin-Ha-Long_compressed-300x210.jpg 300w\" sizes=\"(max-width: 700px) 100vw, 700px\" \/><strong>C\u00f4ng tr\u00ecnh: Kh\u00e1ch s\u1ea1n Mithrin Hotel<\/strong><br \/>\n\u0110\u1ecba ch\u1ec9: \u0110\u01b0\u1eddng Ho\u00e0ng Qu\u1ed1c Vi\u1ec7t, B\u00e3i Ch\u00e1y, H\u1ea1 Long, Qu\u1ea3ng Ninh<\/span><\/p>\n<p style=\"text-align: center;\"><span style=\"font-family: arial, helvetica, sans-serif;\"> <img loading=\"lazy\" class=\"aligncenter wp-image-2099\" src=\"http:\/\/sonjavitex.com\/wp-content\/uploads\/2016\/10\/OIGB31FYR_toan_canh_compressed.jpg\" alt=\"OIGB31FYR_toan_canh_compressed\" width=\"700\" height=\"868\" srcset=\"https:\/\/sonjavitex.com.vn\/wp-content\/uploads\/2016\/10\/OIGB31FYR_toan_canh_compressed.jpg 750w, https:\/\/sonjavitex.com.vn\/wp-content\/uploads\/2016\/10\/OIGB31FYR_toan_canh_compressed-600x744.jpg 600w, https:\/\/sonjavitex.com.vn\/wp-content\/uploads\/2016\/10\/OIGB31FYR_toan_canh_compressed-242x300.jpg 242w\" sizes=\"(max-width: 700px) 100vw, 700px\" \/><span style=\"font-family: arial, helvetica, sans-serif;\"><strong>C\u00f4ng tr\u00ecnh: Kh\u00e1ch s\u1ea1n ASEAN H\u1ea1 Long<\/strong><br \/>\n<\/span><span style=\"font-family: arial, helvetica, sans-serif;\">\u0110\u1ecba ch\u1ec9:\u00a0B\u00e3i Ch\u00e1y, TP. H\u1ea1 Long, Qu\u1ea3ng Ninh<br \/>\n<\/span><\/span><span style=\"font-family: arial, helvetica, sans-serif;\"><span style=\"font-family: arial, helvetica, sans-serif;\">Ch\u1ee7 \u0111\u1ea7u t\u01b0: C\u00f4ng ty C\u1ed5 ph\u1ea7n Ti\u00ean \u0110\u1ed3ng<br \/>\nTh\u1eddi gian thi c\u00f4ng: 10\/2015 | Gi\u00e1 tr\u1ecb h\u1ee3p \u0111\u1ed3ng: 1.000.000.000 VN\u0110<\/span><\/span><\/p>\n<p style=\"text-align: center;\"><img loading=\"lazy\" class=\"aligncenter wp-image-2162 size-full\" src=\"http:\/\/sonjavitex.com\/wp-content\/uploads\/2016\/10\/images858279_huong3_so-cong-an_quang-ninh_javitex.jpg\" alt=\"images858279_huong3_so cong an_quang ninh_javitex\" width=\"634\" height=\"900\" srcset=\"https:\/\/sonjavitex.com.vn\/wp-content\/uploads\/2016\/10\/images858279_huong3_so-cong-an_quang-ninh_javitex.jpg 634w, https:\/\/sonjavitex.com.vn\/wp-content\/uploads\/2016\/10\/images858279_huong3_so-cong-an_quang-ninh_javitex-600x852.jpg 600w, https:\/\/sonjavitex.com.vn\/wp-content\/uploads\/2016\/10\/images858279_huong3_so-cong-an_quang-ninh_javitex-211x300.jpg 211w\" sizes=\"(max-width: 634px) 100vw, 634px\" \/><\/p>\n<p style=\"text-align: center;\"><strong><span style=\"font-family: arial, helvetica, sans-serif;\">C\u00f4ng tr\u00ecnh: S\u1edf C\u00f4ng an t\u1ec9nh Qu\u1ea3ng Ninh<\/span><\/strong><br \/>\n<span style=\"font-family: arial, helvetica, sans-serif;\">Ch\u1ee7 \u0111\u1ea7u t\u01b0: C\u00f4ng ty CP X\u00e2y d\u1ef1ng s\u1ed1 1<\/span><br \/>\n<span style=\"font-family: arial, helvetica, sans-serif;\">Th\u1eddi gian thi c\u00f4ng: Th\u00e1ng 3\/2011 | Gi\u00e1 tr\u1ecb h\u1ee3p \u0111\u1ed3ng: 1.200.000.000 VN\u0110<\/span><\/p>\n<p style=\"text-align: center;\"><span style=\"font-family: arial, helvetica, sans-serif;\"> <img loading=\"lazy\" class=\"aligncenter wp-image-2100\" src=\"http:\/\/sonjavitex.com\/wp-content\/uploads\/2016\/10\/pic1-1440-x-450_compressed.jpg\" alt=\"pic1-1440-x-450_compressed\" width=\"700\" height=\"337\" srcset=\"https:\/\/sonjavitex.com.vn\/wp-content\/uploads\/2016\/10\/pic1-1440-x-450_compressed.jpg 750w, https:\/\/sonjavitex.com.vn\/wp-content\/uploads\/2016\/10\/pic1-1440-x-450_compressed-600x289.jpg 600w, https:\/\/sonjavitex.com.vn\/wp-content\/uploads\/2016\/10\/pic1-1440-x-450_compressed-300x144.jpg 300w\" sizes=\"(max-width: 700px) 100vw, 700px\" \/><\/span><\/p>\n<p style=\"text-align: center;\"><img loading=\"lazy\" class=\"aligncenter wp-image-2158\" src=\"http:\/\/sonjavitex.com\/wp-content\/uploads\/2016\/10\/pic4_javitex.jpg\" alt=\"pic4_javitex\" width=\"700\" height=\"219\" srcset=\"https:\/\/sonjavitex.com.vn\/wp-content\/uploads\/2016\/10\/pic4_javitex.jpg 796w, https:\/\/sonjavitex.com.vn\/wp-content\/uploads\/2016\/10\/pic4_javitex-600x188.jpg 600w, https:\/\/sonjavitex.com.vn\/wp-content\/uploads\/2016\/10\/pic4_javitex-300x94.jpg 300w, https:\/\/sonjavitex.com.vn\/wp-content\/uploads\/2016\/10\/pic4_javitex-768x240.jpg 768w\" sizes=\"(max-width: 700px) 100vw, 700px\" \/><\/p>\n<p style=\"text-align: center;\"><span style=\"font-family: arial, helvetica, sans-serif;\"><strong>C\u00f4ng tr\u00ecnh: Kh\u00e1ch s\u1ea1n\u00a0Grand Halong Hotel<\/strong><br \/>\n\u0110\u1ecba ch\u1ec9: B\u00e3i Ch\u00e1y, TP. H\u1ea1 Long, Qu\u1ea3ng Ninh<\/span><\/p>\n<p style=\"text-align: center;\"><img loading=\"lazy\" class=\"aligncenter wp-image-2164\" src=\"http:\/\/sonjavitex.com\/wp-content\/uploads\/2016\/10\/morning_star_sao-mai_tuan-chau_javitex-300x225.jpg\" alt=\"morning_star_sao mai_tuan chau_javitex\" width=\"700\" height=\"525\" srcset=\"https:\/\/sonjavitex.com.vn\/wp-content\/uploads\/2016\/10\/morning_star_sao-mai_tuan-chau_javitex-300x225.jpg 300w, https:\/\/sonjavitex.com.vn\/wp-content\/uploads\/2016\/10\/morning_star_sao-mai_tuan-chau_javitex-600x450.jpg 600w, https:\/\/sonjavitex.com.vn\/wp-content\/uploads\/2016\/10\/morning_star_sao-mai_tuan-chau_javitex-768x576.jpg 768w, https:\/\/sonjavitex.com.vn\/wp-content\/uploads\/2016\/10\/morning_star_sao-mai_tuan-chau_javitex-170x128.jpg 170w, https:\/\/sonjavitex.com.vn\/wp-content\/uploads\/2016\/10\/morning_star_sao-mai_tuan-chau_javitex.jpg 800w\" sizes=\"(max-width: 700px) 100vw, 700px\" \/><\/p>\n<p style=\"text-align: center;\"><span style=\"font-family: arial, helvetica, sans-serif;\"><strong>C\u00f4ng tr\u00ecnh: Kh\u00e1ch s\u1ea1n Morning Star<\/strong><\/span><br \/>\n<span style=\"font-family: arial, helvetica, sans-serif;\">\u0110\u1ecba ch\u1ec9: \u0110\u1ea3o Tu\u1ea7n Ch\u00e2u, th\u00e0nh ph\u1ed1 H\u1ea1 Long, t\u1ec9nh Qu\u1ea3ng Ninh<\/span><br \/>\n<span style=\"font-family: arial, helvetica, sans-serif;\">Ch\u1ee7 \u0111\u1ea7u t\u01b0: C\u00f4ng ty C\u1ed5 ph\u1ea7n Ti\u00ean \u0110\u1ed3ng<\/span><br \/>\n<span style=\"font-family: arial, helvetica, sans-serif;\">Th\u1eddi gian thi c\u00f4ng: 05\/2012 | Gi\u00e1 tr\u1ecb h\u1ee3p \u0111\u1ed3ng: 1.200.000.000 VN\u0110<\/span><\/p>\n<p>&nbsp;<\/p>\n<p style=\"text-align: center;\"><img loading=\"lazy\" class=\"wp-image-2098 size-full aligncenter\" src=\"http:\/\/sonjavitex.com\/wp-content\/uploads\/2016\/10\/khach-san-vuon-dao_compressed-e1476849928640.jpg\" alt=\"khach-san-vuon-dao_compressed\" width=\"700\" height=\"438\" srcset=\"https:\/\/sonjavitex.com.vn\/wp-content\/uploads\/2016\/10\/khach-san-vuon-dao_compressed-e1476849928640.jpg 700w, https:\/\/sonjavitex.com.vn\/wp-content\/uploads\/2016\/10\/khach-san-vuon-dao_compressed-e1476849928640-600x375.jpg 600w\" sizes=\"(max-width: 700px) 100vw, 700px\" \/><span style=\"font-family: arial, helvetica, sans-serif;\"><strong>C\u00f4ng tr\u00ecnh Kh\u00e1ch s\u1ea1n V\u01b0\u1eddn \u0110\u00e0o<\/strong><\/span><br \/>\n<span style=\"font-family: arial, helvetica, sans-serif;\"> \u0110\u1ecba ch\u1ec9: S\u1ed1 1 &#8211; \u0111\u01b0\u1eddng H\u1eadu C\u1ea7n &#8211; ph\u01b0\u1eddng B\u00e3i Ch\u00e1y &#8211; TP. H\u1ea1 Long &#8211; Qu\u1ea3ng Ninh<\/span><br \/>\n<span style=\"font-family: arial, helvetica, sans-serif;\"> Ch\u1ee7 \u0111\u1ea7u t\u01b0: C\u00f4ng ty CP X\u00e2y d\u1ef1ng Tr\u01b0\u1eddng Thi<\/span><br \/>\n<span style=\"font-family: arial, helvetica, sans-serif;\"> Th\u1eddi gian thi c\u00f4ng: Th\u00e1ng 04\/2011<\/span><br \/>\n<span style=\"font-family: arial, helvetica, sans-serif;\"> Gi\u00e1 tr\u1ecb h\u1ee3p \u0111\u1ed3ng: 2.000.000.000 VN\u0110<\/span><\/p>\n<p style=\"text-align: center;\">\n<p style=\"text-align: center;\"><span style=\"font-family: arial, helvetica, sans-serif;\">V\u00e0 c\u00f2n r\u1ea5t nhi\u1ec1u c\u00e1c c\u00f4ng tr\u00ecnh kh\u00e1c n\u1eefa&#8230;<\/span><\/p>\n","protected":false},"excerpt":{"rendered":"<p>Trong g\u1ea7n 12 n\u0103m th\u00e0nh l\u1eadp v\u00e0 ph\u00e1t tri\u1ec3n, Javitex t\u1ef1 h\u00e0o l\u00e0 \u0111\u01a1n v\u1ecb uy t\u00edn h\u00e0ng \u0111\u1ea7u \u0111\u01b0\u1ee3c c\u00e1c ch\u1ee7 \u0111\u1ea7u\u00a0l\u1edbn tin t\u01b0\u1edfng v\u00e0 l\u1ef1a ch\u1ecdn \u0111\u1ec3 cung \u1ee9ng s\u1ea3n ph\u1ea9m s\u01a1n n\u1ed9i th\u1ea5t &amp; ngo\u1ea1i th\u1ea5t c\u00f4ng ngh\u1ec7 Nh\u1eadt B\u1ea3n cho c\u00e1c c\u00f4ng tr\u00ecnh. Ngo\u00e0i \u0111\u1eb7c t\u00ednh \u0111\u1ee9ng \u0111\u1ea7u v\u1ec1\u00a0\u0111\u1ed9 b\u00e1m &#8211; \u0111\u1ed9 ph\u1ee7 n\u1ed5i tr\u1ed9i &#8211; c\u00f3 th\u1ec3 t\u1ef1 l\u00e0m s\u1ea1ch khi\u1ebfn m\u00e0ng s\u01a1n lu\u00f4n s\u00e1ng b\u00f3ng; c\u00e1c s\u1ea3n ph\u1ea9m s\u01a1n c\u1ee7a Javitex c\u00f2n \u0111\u01b0\u1ee3c \u0111\u00e1nh gi\u00e1 cao v\u1ec1 t\u00ednh ngh\u1ec7 thu\u1eadt v\u1edbi m\u00e0u s\u1eafc mang t\u1edbi v\u1ebb \u0111\u1eb9p t\u1ef1 nhi\u00ean, hi\u1ec7n \u0111\u1ea1i &amp; c\u00f3 th\u1ec3 t\u1ef1 l\u00e0m s\u1ea1ch, t\u1ef1 r\u1eeda tr\u00f4i khi\u1ebfn m\u00e0ng s\u01a1n lu\u00f4n s\u00e1ng b\u00f3ng, \u0111\u1eb9p nh\u01b0 m\u1edbi. B\u00ean c\u1ea1nh \u0111\u00f3, nh\u1edd \u01b0u \u0111i\u1ec3m m\u00e0ng s\u01a1n kh\u00f4ng ng\u1ea5m n\u01b0\u1edbc; t\u00ednh co gi\u00e3n cao &#8211; n\u00ean c\u00e1c s\u1ea3n ph\u1ea9m s\u01a1n c\u1ee7a Javitex \u0111\u00e1p \u1ee9ng t\u1ed1t c\u00e1c y\u00eau c\u1ea7u c\u1ee7a c\u00e1c c\u00f4ng tr\u00ecnh c\u00f4ng c\u1ed9ng, t\u00f2a nh\u00e0 v\u0103n ph\u00f2ng,\u00a0b\u00e3i \u0111\u1ed7 xe, khu vui ch\u01a1i, b\u1ec3 b\u01a1i,&#8230;. M\u1ed9t s\u1ed1 c\u00f4ng tr\u00ecnh ti\u00eau bi\u1ec3u: C\u00f4ng tr\u00ecnh: Trung t\u00e2m th\u01b0\u01a1ng m\u1ea1i BigC H\u1ea1 Long \u0110\u1ecba ch\u1ec9:\u00a0600 Nguy\u1ec5n V\u0103n C\u1eeb, H\u1ed3ng H\u1ea3i, TP. H\u1ea1 Long, Qu\u1ea3ng Ninh C\u00f4ng tr\u00ecnh: Vincom Center H\u1ea1 Long \u0110\u1ecba ch\u1ec9:\u00a0Tr\u1ea7n Qu\u1ed1c Nghi\u1ec5n, B\u1ea1ch \u0110\u1eb1ng,&#8230;.<\/p>\n","protected":false},"author":2,"featured_media":0,"parent":627,"menu_order":5,"comment_status":"closed","ping_status":"closed","template":"","meta":[],"_links":{"self":[{"href":"https:\/\/sonjavitex.com.vn\/index.php?rest_route=\/wp\/v2\/pages\/2091"}],"collection":[{"href":"https:\/\/sonjavitex.com.vn\/index.php?rest_route=\/wp\/v2\/pages"}],"about":[{"href":"https:\/\/sonjavitex.com.vn\/index.php?rest_route=\/wp\/v2\/types\/page"}],"author":[{"embeddable":true,"href":"https:\/\/sonjavitex.com.vn\/index.php?rest_route=\/wp\/v2\/users\/2"}],"replies":[{"embeddable":true,"href":"https:\/\/sonjavitex.com.vn\/index.php?rest_route=%2Fwp%2Fv2%2Fcomments&post=2091"}],"version-history":[{"count":20,"href":"https:\/\/sonjavitex.com.vn\/index.php?rest_route=\/wp\/v2\/pages\/2091\/revisions"}],"predecessor-version":[{"id":2168,"href":"https:\/\/sonjavitex.com.vn\/index.php?rest_route=\/wp\/v2\/pages\/2091\/revisions\/2168"}],"up":[{"embeddable":true,"href":"https:\/\/sonjavitex.com.vn\/index.php?rest_route=\/wp\/v2\/pages\/627"}],"wp:attachment":[{"href":"https:\/\/sonjavitex.com.vn\/index.php?rest_route=%2Fwp%2Fv2%2Fmedia&parent=2091"}],"curies":[{"name":"wp","href":"https:\/\/api.w.org\/{rel}","templated":true}]}}