{"id":1382,"date":"2016-01-21T14:35:40","date_gmt":"2016-01-21T07:35:40","guid":{"rendered":"http:\/\/sonjavitex.com\/?post_type=product&#038;p=1382"},"modified":"2024-05-19T07:09:14","modified_gmt":"2024-05-19T00:09:14","slug":"javitex-matit-in-bot-ba-tuong-trong-nha","status":"publish","type":"product","link":"https:\/\/sonjavitex.com.vn\/?product=javitex-matit-in-bot-ba-tuong-trong-nha","title":{"rendered":"JAVITEX &#8211; Matit In (B\u1ed9t b\u1ea3 t\u01b0\u1eddng n\u1ed9i th\u1ea5t)"},"content":{"rendered":"<p><span style=\"font-family: arial, helvetica, sans-serif;\"><strong>JAVITEX &#8211; Matit in:<\/strong>\u00a0 L\u00e0 lo\u1ea1i Matit ch\u1ecbu m\u00e0i m\u00f2n, va \u0111\u1eadp, \u0111\u01b0\u1ee3c t\u1ed5ng h\u1ee3p t\u1eeb\u00a0 Polyurethane, c\u00e1c ph\u1ee5 gia ch\u1ed1ng th\u1ea5m v\u00e0 c\u00e1c Extender \u0111a tinh th\u1ec3 c\u00f3 \u0111\u1ed9 c\u1ee9ng cao, b\u00e1m d\u00ednh ch\u1eafc l\u00ean c\u00e1c b\u1ec1 m\u1eb7t b\u00ea t\u00f4ng, g\u1ed7, t\u1ea1o th\u00e0nh 1 l\u1edbp b\u1ec1 m\u1eb7t n\u1ec1n v\u1eefng ch\u1eafc, kh\u00f4ng ng\u1ea5m n\u01b0\u1edbc<\/span><\/p>\n<p><span style=\"font-family: arial, helvetica, sans-serif;\"><strong>JAVITEX &#8211; Matit in:<\/strong>\u00a0B\u1ec1n, ch\u1ecbu \u0111\u01b0\u1ee3c h\u00f3a ch\u1ea5t v\u00e0 dung m\u00f4i, ch\u1ecbu m\u00e0i m\u00f2n, c\u1ee9ng dai nh\u01b0\u00a0 Epoxy, nh\u01b0ng d\u1ec5 thi c\u00f4ng v\u00ec l\u00e0 matit m\u1ed9t th\u00e0nh ph\u1ea7n.\u00a0<\/span><\/p>\n<p><span style=\"font-family: arial, helvetica, sans-serif;\"><strong>JAVITEX &#8211; Matit in:<\/strong>\u00a0\u0110\u01b0\u1ee3c d\u00f9ng \u0111\u1ec3 ph\u1ee7 s\u00e0n, n\u01a1i \u0111i l\u1ea1i trong nh\u00e0, ngo\u00e0i tr\u1eddi ho\u1eb7c d\u00f9ng \u0111\u1ec3 l\u00e0m ph\u1eb3ng b\u1ec1 m\u1eb7t tr\u01b0\u1edbc khi s\u01a1n ph\u1ee7 c\u00e1c lo\u1ea1i s\u01a1n kh\u00e1c. C\u0169ng c\u00f3 th\u1ec3 ch\u1ec9 d\u00f9ng m\u1ed9t m\u00ecnh n\u00f3 \u0111\u1ec3 h\u00ecnh th\u00e0nh l\u1edbp b\u1ec1 m\u1eb7t nh\u1eb5n \u0111\u1eb9p, c\u1ee9ng nh\u01b0 \u0111\u00e1 c\u00f3 th\u1ec3 lau s\u1ea1ch d\u1ec5 d\u00e0ng, kh\u00f4ng b\u00e1m b\u1ee5i. N\u1ec1n b\u00ea t\u00f4ng ph\u1ee7 <strong>JAVITEX &#8211; Matit in<\/strong> c\u00f3 th\u1ec3 t\u1ed3n t\u1ea1i b\u1ec1n v\u1eefng trong n\u01b0\u1edbc nhi\u1ec1u n\u0103m.<\/span><\/p>\n<p><span style=\"font-family: arial, helvetica, sans-serif;\"><strong>\u0110\u1eb7c t\u00ednh:<\/strong><\/span><\/p>\n<p><span style=\"font-family: arial, helvetica, sans-serif;\">+ T\u1ea1o \u0111\u1ed9 ph\u1eb3ng cho t\u01b0\u1eddng, t\u0103ng \u0111\u1ed9 c\u1ee9ng, \u0111\u1ed9 b\u00f3ng v\u00e0 b\u00e1m d\u00ednh cho c\u00e1c l\u1edbp s\u01a1n ph\u1ee7<\/span><\/p>\n<p>&nbsp;<\/p>\n<p><span style=\"font-family: arial, helvetica, sans-serif; font-size: 14pt; color: #800080;\"><strong>C\u00e1ch s\u1eed d\u1ee5ng<\/strong><\/span><\/p>\n<p><span style=\"font-family: arial, helvetica, sans-serif;\"><strong>Thi c\u00f4ng:<\/strong><\/span><\/p>\n<p><span style=\"font-family: arial, helvetica, sans-serif;\">+ Tr\u1ed9n th\u1eadt k\u1ef9 b\u1ed9t b\u1ea3 <strong>JAVITEX<\/strong> v\u1edbi n\u01b0\u1edbc cho v\u1eeba \u0111\u1ee7 \u0111\u1ed9 s\u1ec7t \u0111\u1ec3 c\u00f3 th\u1ec3 b\u1ea3 d\u1ec5 d\u00e0ng l\u00ean t\u01b0\u1eddng. Th\u00f4ng th\u01b0\u1eddng m\u1ed9t bao b\u1ed9t b\u1ea3 <strong>JAVITEX<\/strong> cho v\u00e0o kho\u1ea3ng 40 &#8211; 45% n\u01b0\u1edbc s\u1ea1ch (kho\u1ea3ng 10-11 l\u00edt n\u01b0\u1edbc). L\u01b0\u1ee3ng n\u01b0\u1edbc n\u00e0y r\u1ea5t ph\u1ee5 thu\u1ed9c v\u00e0o b\u1ec1 m\u1eb7t, nhi\u1ec7t \u0111\u1ed9 v\u00e0 \u0111\u1ed9 \u1ea9m kh\u00f4ng kh\u00ed. V\u00ec v\u1eady, n\u1ebfu tr\u1eddi n\u1eafng n\u00f3ng c\u1ea7n th\u00eam nhi\u1ec1u n\u01b0\u1edbc h\u01a1n b\u00f9 v\u00e0o l\u01b0\u1ee3ng n\u01b0\u1edbc b\u1ecb bay h\u01a1i trong qu\u00e1 tr\u00ecnh thi c\u00f4ng.<\/span><\/p>\n<p><span style=\"font-family: arial, helvetica, sans-serif;\">+ Cho t\u1eeb t\u1eeb b\u1ed9t b\u1ea3 <strong>JAVITEX<\/strong> v\u00e0o n\u01b0\u1edbc, khu\u1ea5y k\u1ef9, \u0111\u1ec3 y\u00ean ch\u1eebng 5 &#8211; 10 ph\u00fat, sau \u0111\u00f3 khu\u1ea5y l\u1ea1i v\u00e0 d\u00f9ng bay b\u1ea3 Matit l\u00ean t\u01b0\u1eddng v\u1edbi \u0111\u1ed9 d\u00e0y v\u1eeba \u0111\u1ee7 \u0111\u1ec3 che ph\u1ee7 b\u1ec1 m\u1eb7t t\u01b0\u1eddng (kho\u1ea3ng 1,0 &#8211; 1,5 mm). Kh\u00f4ng n\u00ean b\u1ea3 qu\u00e1 d\u00e0y, t\u1ed1i \u0111a kh\u00f4ng \u0111\u01b0\u1ee3c v\u01b0\u1ee3t qu\u00e1 3 mm cho 02 l\u1edbp.<\/span><\/p>\n<p><span style=\"font-family: arial, helvetica, sans-serif;\">+ C\u00f3 th\u1ec3 b\u1ea3 02 l\u1edbp, m\u1ed7i l\u1edbp c\u00e1ch nhau 2 &#8211; 3 gi\u1edd. Sau khi matit kh\u00f4 d\u00f9ng gi\u1ea5y nh\u00e1m ch\u00e0 nh\u1eb5n \u0111\u1ec3 b\u1ec1 m\u1eb7t matit \u0111\u01b0\u1ee3c ph\u1eb3ng m\u1ecbn. D\u00f9ng ch\u1ed5i s\u1ea1ch ph\u1ee7i h\u1ebft b\u1ee5i. Sau \u0111\u00f3 d\u00f9ng kh\u0103n \u01b0\u1edbt lau s\u1ea1ch b\u1ee5i Matit tr\u01b0\u1edbc khi ti\u1ebfn h\u00e0nh thi c\u00f4ng c\u00e1c s\u01a1n kh\u00e1c. Sau 24 gi\u1edd m\u1edbi ti\u1ebfp t\u1ee5c s\u01a1n ph\u1ee7 b\u00ean ngo\u00e0i, v\u00ec l\u00fac n\u00e0y t\u00ednh kh\u00e1ng ki\u1ec1m c\u1ee7a Matit \u0111\u00e3 ho\u00e0n h\u1ea3o.\u00a0<\/span><\/p>\n<p><span style=\"font-family: arial, helvetica, sans-serif;\"><strong>\u0110\u1ecbnh m\u1ee9c:<\/strong>\u00a00.95m2\/kg\/l\u1edbp, tu\u1ef3 theo b\u1ec1 m\u1eb7t v\u1eadt li\u1ec7u.<\/span><\/p>\n<p><span style=\"font-family: arial, helvetica, sans-serif;\"><strong>V\u1ec7 sinh d\u1ee5ng c\u1ee5:<\/strong>\u00a0D\u00f9ng n\u01b0\u1edbc s\u1ea1ch r\u1eeda b\u00ecnh th\u01b0\u1eddng.<\/span><\/p>\n<p><span style=\"font-family: arial, helvetica, sans-serif;\"><strong>\u0110\u00f3ng g\u00f3i:<\/strong>\u00a038 kg\/bao.<\/span><\/p>\n<p><span style=\"font-family: arial, helvetica, sans-serif;\"><strong>B\u1ea3o qu\u1ea3n:\u00a0<\/strong>\u00a0\u0110\u1ec3 n\u01a1i kh\u00f4 r\u00e1o, m\u00e1t. \u0110\u1eady k\u00edn, k\u1ef9 khi d\u00f9ng kh\u00f4ng h\u1ebft.<\/span><\/p>\n","protected":false},"excerpt":{"rendered":"<p><strong>JAVITEX &#8211; Matit in:<\/strong> L\u00e0 Matit th\u00f4ng d\u1ee5ng d\u00f9ng \u0111\u1ec3 l\u00e0m ph\u1eb3ng t\u01b0\u1eddng trong nh\u00e0, \u0111\u00e3 \u0111\u01b0\u1ee3c nhi\u1ec7t \u0111\u1edbi ho\u00e1 ho\u00e0n to\u00e0n, s\u1eed d\u1ee5ng \u0111\u1ec3 b\u1ea3 l\u00f3t nh\u1eb1m l\u00e0m ph\u1eb3ng t\u01b0\u1eddng tr\u01b0\u1edbc khi ph\u1ee7 s\u01a1n. Do c\u00f3 ph\u00e2n t\u1eed l\u01b0\u1ee3ng cao, h\u00ecnh th\u00e0nh nh\u1eefng l\u1edbp s\u01a1n linh ho\u1ea1t, n\u00ean t\u1ea1o \u0111\u1ed9 b\u1ec1n cao, ch\u1ed1ng \u1ea9m, kh\u00f4ng th\u1ea5m n\u01b0\u1edbc, kh\u00f4ng g\u00e2y hi\u1ec7n t\u01b0\u1ee3ng bong r\u1ed9p, r\u1ea1n n\u1ee9t \u201cch\u00e2n chim\u201d, ch\u1ed1ng l\u1ea1i s\u1ef1 ph\u00e1t tri\u1ec3n c\u1ee7a r\u00eau m\u1ed1c. <strong>JAVITEX &#8211; Matit in<\/strong>: C\u00f3 \u0111\u1ed9 b\u1ec1n dai do c\u00f3 ph\u1ee5 gia l\u01b0\u1ee1ng c\u1ef1c t\u1ea1o li\u00ean k\u1ebft ngang, li\u00ean k\u1ebft ch\u1eb7t ch\u1ebd v\u1edbi c\u00e1c mao qu\u1ea3n c\u1ee7a b\u00ea t\u00f4ng, xi m\u0103ng, n\u00ean b\u1ec1n v\u1eefng v\u1edbi xi m\u0103ng, b\u00ea t\u00f4ng, c\u00f3 t\u00e1c d\u1ee5ng tr\u00e1m m\u1ea1ch zo\u0103ng, l\u00e0m ph\u1eb3ng c\u00e1c b\u1ec1 m\u1eb7t l\u1ed3i l\u00f5m, b\u1ecbt k\u00edn c\u00e1c v\u1ebft n\u1ee9t c\u1ee7a b\u00ea t\u00f4ng.<\/p>\n","protected":false},"featured_media":3432,"comment_status":"open","ping_status":"closed","template":"","meta":[],"_links":{"self":[{"href":"https:\/\/sonjavitex.com.vn\/index.php?rest_route=\/wp\/v2\/product\/1382"}],"collection":[{"href":"https:\/\/sonjavitex.com.vn\/index.php?rest_route=\/wp\/v2\/product"}],"about":[{"href":"https:\/\/sonjavitex.com.vn\/index.php?rest_route=\/wp\/v2\/types\/product"}],"replies":[{"embeddable":true,"href":"https:\/\/sonjavitex.com.vn\/index.php?rest_route=%2Fwp%2Fv2%2Fcomments&post=1382"}],"wp:featuredmedia":[{"embeddable":true,"href":"https:\/\/sonjavitex.com.vn\/index.php?rest_route=\/wp\/v2\/media\/3432"}],"wp:attachment":[{"href":"https:\/\/sonjavitex.com.vn\/index.php?rest_route=%2Fwp%2Fv2%2Fmedia&parent=1382"}],"curies":[{"name":"wp","href":"https:\/\/api.w.org\/{rel}","templated":true}]}}