{"id":2827,"date":"2018-05-25T16:33:35","date_gmt":"2018-05-25T09:33:35","guid":{"rendered":"http:\/\/sonjavitex.com\/?post_type=product&#038;p=2827"},"modified":"2020-08-22T08:36:03","modified_gmt":"2020-08-22T01:36:03","slug":"son-lot-khang-kiem-noi-that","status":"publish","type":"product","link":"https:\/\/sonjavitex.com.vn\/?product=son-lot-khang-kiem-noi-that","title":{"rendered":"S\u01a1n l\u00f3t kh\u00e1ng ki\u1ec1m n\u1ed9i th\u1ea5t (Interior sealer)"},"content":{"rendered":"<p>&#8211; Di\u1ec7t khu\u1ea9n ch\u1ed1ng n\u1ea5m m\u1ed1c<\/p>\n<p>&#8211; T\u1ea1o \u0111\u1ed9 b\u00e1m d\u00ednh t\u1ed1t cho l\u1edbp s\u01a1n ph\u1ee7<\/p>\n<p>&#8211; C\u00f3 t\u00e1c d\u1ee5ng l\u00e0m gi\u1ea3m \u1ea3nh h\u01b0\u1edfng giao \u0111\u1ed9ng nhi\u1ec7t b\u00ean trong v\u00e0 b\u00ean ngo\u00e0i<\/p>\n<p>&#8211; \u0110\u1ed9 ph\u1ee7 cao<\/p>\n<p>&nbsp;<\/p>\n","protected":false},"excerpt":{"rendered":"<p>&#8211; Di\u1ec7t khu\u1ea9n ch\u1ed1ng n\u1ea5m m\u1ed1c &#8211; T\u1ea1o \u0111\u1ed9 b\u00e1m d\u00ednh t\u1ed1t cho l\u1edbp s\u01a1n ph\u1ee7 &#8211; C\u00f3 t\u00e1c d\u1ee5ng l\u00e0m gi\u1ea3m \u1ea3nh h\u01b0\u1edfng giao \u0111\u1ed9ng nhi\u1ec7t b\u00ean trong v\u00e0 b\u00ean ngo\u00e0i &#8211; \u0110\u1ed9 ph\u1ee7 cao &nbsp;<\/p>\n","protected":false},"featured_media":3228,"comment_status":"open","ping_status":"closed","template":"","meta":[],"_links":{"self":[{"href":"https:\/\/sonjavitex.com.vn\/index.php?rest_route=\/wp\/v2\/product\/2827"}],"collection":[{"href":"https:\/\/sonjavitex.com.vn\/index.php?rest_route=\/wp\/v2\/product"}],"about":[{"href":"https:\/\/sonjavitex.com.vn\/index.php?rest_route=\/wp\/v2\/types\/product"}],"replies":[{"embeddable":true,"href":"https:\/\/sonjavitex.com.vn\/index.php?rest_route=%2Fwp%2Fv2%2Fcomments&post=2827"}],"wp:featuredmedia":[{"embeddable":true,"href":"https:\/\/sonjavitex.com.vn\/index.php?rest_route=\/wp\/v2\/media\/3228"}],"wp:attachment":[{"href":"https:\/\/sonjavitex.com.vn\/index.php?rest_route=%2Fwp%2Fv2%2Fmedia&parent=2827"}],"curies":[{"name":"wp","href":"https:\/\/api.w.org\/{rel}","templated":true}]}}