{"id":3218,"date":"2020-08-22T08:02:46","date_gmt":"2020-08-22T01:02:46","guid":{"rendered":"http:\/\/sonjavitex.com\/?post_type=product&#038;p=3218"},"modified":"2024-05-19T07:09:14","modified_gmt":"2024-05-19T00:09:14","slug":"son-noi-that-dac-biet-special-interior-paint-jb118s","status":"publish","type":"product","link":"https:\/\/sonjavitex.com.vn\/?product=son-noi-that-dac-biet-special-interior-paint-jb118s","title":{"rendered":"S\u01a1n n\u1ed9i th\u1ea5t \u0111\u1eb7c bi\u1ec7t (Special interior paint) JB118s"},"content":{"rendered":"<p>&#8211; M\u00e0ng s\u01a1n si\u00eau b\u00f3ng<\/p>\n<p>&#8211; \u0110\u1ed9\u00a0b\u00e1m d\u00ednh tuy\u1ec7t \u0111\u1ed1i<\/p>\n<p>&#8211; Ch\u1ed1ng b\u00e1m b\u1ea9n<\/p>\n<p>&#8211; Ch\u1ed1ng th\u1ea5m xu\u00f4i r\u1ea5t t\u1ed1t<\/p>\n<p>&#8211; Ch\u1ecbu ch\u00f9i r\u1eeda nhi\u1ec1u l\u1ea7n<\/p>\n<p>&#8211; \u0110\u1ed9 ph\u1ee7 cao<\/p>\n<p>&nbsp;<\/p>\n<p>&nbsp;<\/p>\n<p>&nbsp;<\/p>\n","protected":false},"excerpt":{"rendered":"<p>&#8211; M\u00e0ng s\u01a1n si\u00eau b\u00f3ng &#8211; \u0110\u1ed9\u00a0b\u00e1m d\u00ednh tuy\u1ec7t \u0111\u1ed1i &#8211; Ch\u1ed1ng b\u00e1m b\u1ea9n &#8211; Ch\u1ed1ng th\u1ea5m xu\u00f4i r\u1ea5t t\u1ed1t &#8211; Ch\u1ecbu ch\u00f9i r\u1eeda nhi\u1ec1u l\u1ea7n &#8211; \u0110\u1ed9 ph\u1ee7 cao &nbsp; &nbsp; &nbsp;<\/p>\n","protected":false},"featured_media":3219,"comment_status":"open","ping_status":"closed","template":"","meta":[],"_links":{"self":[{"href":"https:\/\/sonjavitex.com.vn\/index.php?rest_route=\/wp\/v2\/product\/3218"}],"collection":[{"href":"https:\/\/sonjavitex.com.vn\/index.php?rest_route=\/wp\/v2\/product"}],"about":[{"href":"https:\/\/sonjavitex.com.vn\/index.php?rest_route=\/wp\/v2\/types\/product"}],"replies":[{"embeddable":true,"href":"https:\/\/sonjavitex.com.vn\/index.php?rest_route=%2Fwp%2Fv2%2Fcomments&post=3218"}],"wp:featuredmedia":[{"embeddable":true,"href":"https:\/\/sonjavitex.com.vn\/index.php?rest_route=\/wp\/v2\/media\/3219"}],"wp:attachment":[{"href":"https:\/\/sonjavitex.com.vn\/index.php?rest_route=%2Fwp%2Fv2%2Fmedia&parent=3218"}],"curies":[{"name":"wp","href":"https:\/\/api.w.org\/{rel}","templated":true}]}}